{"id":8,"date":"2017-03-05T13:20:55","date_gmt":"2017-03-05T12:20:55","guid":{"rendered":"http:\/\/ouddorp-aan-zee.com\/wordpress\/?page_id=8"},"modified":"2025-06-19T21:17:20","modified_gmt":"2025-06-19T19:17:20","slug":"einrichtung","status":"publish","type":"page","link":"http:\/\/ouddorp-aan-zee.com\/nl\/einrichtung\/","title":{"rendered":"Inrichting"},"content":{"rendered":"<h3>Woonkamer<\/h3>\n<ul>\n<li>hoekbank<\/li>\n<li>kabel-tv (NL) en satelliet-tv (D)<\/li>\n<li>dvd-speler<\/li>\n<li>stereo-installatie (usb, bluetooth)<\/li>\n<li>gratis wifi<\/li>\n<\/ul>\n<h3>Keuken<\/h3>\n<ul>\n<li>gasfornuis met afzuigkap<\/li>\n<li>elektrische bakoven<\/li>\n<li>vaatwasser<\/li>\n<li>magnetron<\/li>\n<li>koelkast met vriesvak<\/li>\n<li>waterkoker<\/li>\n<li>koffiezetapparaat en senseo<\/li>\n<li>broodrooster<\/li>\n<li>eierkoker<\/li>\n<\/ul>\n<h3>Sanitaire voorzieningen<\/h3>\n<ul>\n<li>badkamer met\u00a0douchecabine en wastafel<\/li>\n<li>2 apparte\u00a0toiletten<\/li>\n<\/ul>\n<h3>Slaapkamer 1<\/h3>\n<ul>\n<li>tweepersoonsbed 180&#215;200 cm met kussens en dekens<\/li>\n<li>kledingkast<\/li>\n<li>wastafel<\/li>\n<li>kabel-tv (NL) en satelliet-tv (D)<\/li>\n<\/ul>\n<h3>Slaapkamer 2<\/h3>\n<ul>\n<li>twee \u00e9\u00e9npersoonsbedden 90&#215;200 cm\u00a0met kussen en deken<\/li>\n<li>kledingkast en commode<\/li>\n<\/ul>\n<h3>Slaapkamer 3<\/h3>\n<ul>\n<li>twee \u00e9\u00e9npersoonsbedden 90&#215;200 cm\u00a0met kussen en deken<\/li>\n<li>commode<\/li>\n<\/ul>\n<h3>Tuin<\/h3>\n<ul>\n<li>perceel ca. 280 m\u00b2<\/li>\n<li>2 terrassen<\/li>\n<li>tuinmeubels en zitkussens<\/li>\n<li>tuinhuis voor berging van fietsen<\/li>\n<\/ul>\n<h3>Overige<\/h3>\n<ul>\n<li>wasmachine en wasrek<\/li>\n<li>wasdroger<\/li>\n<li>f\u00f6hn<\/li>\n<li>kinderstoel<\/li>\n<li>strijkijzer en strijkplank<\/li>\n<li>cv-ketel<\/li>\n<li>2 parkeerplaatsen<\/li>\n<\/ul>","protected":false},"excerpt":{"rendered":"<p>Woonkamer hoekbank kabel-tv (NL) en satelliet-tv (D) dvd-speler stereo-installatie (usb, bluetooth) gratis wifi Keuken gasfornuis met afzuigkap elektrische bakoven vaatwasser magnetron koelkast met vriesvak waterkoker koffiezetapparaat en senseo broodrooster eierkoker <a class=\"more-link\" href=\"http:\/\/ouddorp-aan-zee.com\/nl\/einrichtung\/\">Continue Reading \u2192<\/a><\/p>\n","protected":false},"author":1,"featured_media":0,"parent":0,"menu_order":0,"comment_status":"closed","ping_status":"closed","template":"","meta":[],"yoast_head":"<!-- This site is optimized with the Yoast SEO plugin v19.9 - https:\/\/yoast.com\/wordpress\/plugins\/seo\/ -->\n<title>(Deutsch) Ferienhaus in Ouddorp aan Zee<\/title>\n<meta name=\"description\" content=\"Komfortables und modern eingerichtet Ferienhaus f\u00fcr 6 Personen direkt an der holl\u00e4ndischen Nordseek\u00fcste.\" \/>\n<meta name=\"robots\" content=\"index, follow, max-snippet:-1, max-image-preview:large, max-video-preview:-1\" \/>\n<link rel=\"canonical\" href=\"http:\/\/ouddorp-aan-zee.com\/einrichtung\/\" \/>\n<meta property=\"og:locale\" content=\"nl_NL\" \/>\n<meta property=\"og:type\" content=\"article\" \/>\n<meta property=\"og:title\" content=\"[:de]Ferienhaus in Ouddorp aan Zee[:]\" \/>\n<meta property=\"og:description\" content=\"Komfortables und modern eingerichtet Ferienhaus f\u00fcr 6 Personen direkt an der holl\u00e4ndischen Nordseek\u00fcste.\" \/>\n<meta property=\"og:url\" content=\"http:\/\/ouddorp-aan-zee.com\/einrichtung\/\" \/>\n<meta property=\"og:site_name\" content=\"ouddorp-aan-zee.com\" \/>\n<meta property=\"article:modified_time\" content=\"2025-06-19T19:17:20+00:00\" \/>\n<meta name=\"twitter:card\" content=\"summary_large_image\" \/>\n<meta name=\"twitter:label1\" content=\"Geschatte leestijd\" \/>\n\t<meta name=\"twitter:data1\" content=\"1 minuut\" \/>\n<script type=\"application\/ld+json\" class=\"yoast-schema-graph\">{\"@context\":\"https:\/\/schema.org\",\"@graph\":[{\"@type\":\"WebPage\",\"@id\":\"http:\/\/ouddorp-aan-zee.com\/einrichtung\/\",\"url\":\"http:\/\/ouddorp-aan-zee.com\/einrichtung\/\",\"name\":\"[:de]Ferienhaus in Ouddorp aan Zee[:]\",\"isPartOf\":{\"@id\":\"http:\/\/ouddorp-aan-zee.com\/en\/#website\"},\"datePublished\":\"2017-03-05T12:20:55+00:00\",\"dateModified\":\"2025-06-19T19:17:20+00:00\",\"description\":\"Komfortables und modern eingerichtet Ferienhaus f\u00fcr 6 Personen direkt an der holl\u00e4ndischen Nordseek\u00fcste.\",\"breadcrumb\":{\"@id\":\"http:\/\/ouddorp-aan-zee.com\/einrichtung\/#breadcrumb\"},\"inLanguage\":\"nl\",\"potentialAction\":[{\"@type\":\"ReadAction\",\"target\":[\"http:\/\/ouddorp-aan-zee.com\/einrichtung\/\"]}]},{\"@type\":\"BreadcrumbList\",\"@id\":\"http:\/\/ouddorp-aan-zee.com\/einrichtung\/#breadcrumb\",\"itemListElement\":[{\"@type\":\"ListItem\",\"position\":1,\"name\":\"Startseite\",\"item\":\"http:\/\/ouddorp-aan-zee.com\/en\/\"},{\"@type\":\"ListItem\",\"position\":2,\"name\":\"Einrichtung\"}]},{\"@type\":\"WebSite\",\"@id\":\"http:\/\/ouddorp-aan-zee.com\/en\/#website\",\"url\":\"http:\/\/ouddorp-aan-zee.com\/en\/\",\"name\":\"ouddorp-aan-zee.com\",\"description\":\"Noordzeepark - Zuiderdiep 34\",\"potentialAction\":[{\"@type\":\"SearchAction\",\"target\":{\"@type\":\"EntryPoint\",\"urlTemplate\":\"http:\/\/ouddorp-aan-zee.com\/en\/?s={search_term_string}\"},\"query-input\":\"required name=search_term_string\"}],\"inLanguage\":\"nl\"}]}<\/script>\n<!-- \/ Yoast SEO plugin. -->","yoast_head_json":{"title":"(Deutsch) Ferienhaus in Ouddorp aan Zee","description":"Komfortables und modern eingerichtet Ferienhaus f\u00fcr 6 Personen direkt an der holl\u00e4ndischen Nordseek\u00fcste.","robots":{"index":"index","follow":"follow","max-snippet":"max-snippet:-1","max-image-preview":"max-image-preview:large","max-video-preview":"max-video-preview:-1"},"canonical":"http:\/\/ouddorp-aan-zee.com\/einrichtung\/","og_locale":"nl_NL","og_type":"article","og_title":"[:de]Ferienhaus in Ouddorp aan Zee[:]","og_description":"Komfortables und modern eingerichtet Ferienhaus f\u00fcr 6 Personen direkt an der holl\u00e4ndischen Nordseek\u00fcste.","og_url":"http:\/\/ouddorp-aan-zee.com\/einrichtung\/","og_site_name":"ouddorp-aan-zee.com","article_modified_time":"2025-06-19T19:17:20+00:00","twitter_card":"summary_large_image","twitter_misc":{"Geschatte leestijd":"1 minuut"},"schema":{"@context":"https:\/\/schema.org","@graph":[{"@type":"WebPage","@id":"http:\/\/ouddorp-aan-zee.com\/einrichtung\/","url":"http:\/\/ouddorp-aan-zee.com\/einrichtung\/","name":"[:de]Ferienhaus in Ouddorp aan Zee[:]","isPartOf":{"@id":"http:\/\/ouddorp-aan-zee.com\/en\/#website"},"datePublished":"2017-03-05T12:20:55+00:00","dateModified":"2025-06-19T19:17:20+00:00","description":"Komfortables und modern eingerichtet Ferienhaus f\u00fcr 6 Personen direkt an der holl\u00e4ndischen Nordseek\u00fcste.","breadcrumb":{"@id":"http:\/\/ouddorp-aan-zee.com\/einrichtung\/#breadcrumb"},"inLanguage":"nl","potentialAction":[{"@type":"ReadAction","target":["http:\/\/ouddorp-aan-zee.com\/einrichtung\/"]}]},{"@type":"BreadcrumbList","@id":"http:\/\/ouddorp-aan-zee.com\/einrichtung\/#breadcrumb","itemListElement":[{"@type":"ListItem","position":1,"name":"Startseite","item":"http:\/\/ouddorp-aan-zee.com\/en\/"},{"@type":"ListItem","position":2,"name":"Einrichtung"}]},{"@type":"WebSite","@id":"http:\/\/ouddorp-aan-zee.com\/en\/#website","url":"http:\/\/ouddorp-aan-zee.com\/en\/","name":"ouddorp-aan-zee.com","description":"Noordzeepark - Zuiderdiep 34","potentialAction":[{"@type":"SearchAction","target":{"@type":"EntryPoint","urlTemplate":"http:\/\/ouddorp-aan-zee.com\/en\/?s={search_term_string}"},"query-input":"required name=search_term_string"}],"inLanguage":"nl"}]}},"_links":{"self":[{"href":"http:\/\/ouddorp-aan-zee.com\/nl\/wp-json\/wp\/v2\/pages\/8"}],"collection":[{"href":"http:\/\/ouddorp-aan-zee.com\/nl\/wp-json\/wp\/v2\/pages"}],"about":[{"href":"http:\/\/ouddorp-aan-zee.com\/nl\/wp-json\/wp\/v2\/types\/page"}],"author":[{"embeddable":true,"href":"http:\/\/ouddorp-aan-zee.com\/nl\/wp-json\/wp\/v2\/users\/1"}],"replies":[{"embeddable":true,"href":"http:\/\/ouddorp-aan-zee.com\/nl\/wp-json\/wp\/v2\/comments?post=8"}],"version-history":[{"count":10,"href":"http:\/\/ouddorp-aan-zee.com\/nl\/wp-json\/wp\/v2\/pages\/8\/revisions"}],"predecessor-version":[{"id":1924,"href":"http:\/\/ouddorp-aan-zee.com\/nl\/wp-json\/wp\/v2\/pages\/8\/revisions\/1924"}],"wp:attachment":[{"href":"http:\/\/ouddorp-aan-zee.com\/nl\/wp-json\/wp\/v2\/media?parent=8"}],"curies":[{"name":"wp","href":"https:\/\/api.w.org\/{rel}","templated":true}]}}