{"id":1390,"date":"2020-01-03T17:32:36","date_gmt":"2020-01-03T16:32:36","guid":{"rendered":"http:\/\/ouddorp-aan-zee.com\/?page_id=1390"},"modified":"2021-11-21T21:17:09","modified_gmt":"2021-11-21T20:17:09","slug":"tagesausflug","status":"publish","type":"page","link":"http:\/\/ouddorp-aan-zee.com\/nl\/tagesausflug\/","title":{"rendered":"Dagje uit"},"content":{"rendered":"<h1 style=\"text-align: left;\"><strong>Steden<\/strong><\/h1>\n<div class=\"su-box su-box-style-default\" id=\"\" style=\"border-color:#cccccc;border-radius:0px;\"><div class=\"su-box-title\" style=\"background-color:#ffffff;color:#222222;border-top-left-radius:0px;border-top-right-radius:0px\">Amsterdam (125 km)<\/div><div class=\"su-box-content su-u-clearfix su-u-trim\" style=\"border-bottom-left-radius:0px;border-bottom-right-radius:0px\">\n<p><img loading=\"lazy\" class=\"size-full wp-image-1414 alignleft\" src=\"http:\/\/ouddorp-aan-zee.com\/wp-content\/uploads\/2020\/01\/Amsterdam_03.jpg\" alt=\"\" width=\"200\" height=\"auto\" srcset=\"http:\/\/ouddorp-aan-zee.com\/wp-content\/uploads\/2020\/01\/Amsterdam_03.jpg 800w, http:\/\/ouddorp-aan-zee.com\/wp-content\/uploads\/2020\/01\/Amsterdam_03-300x225.jpg 300w, http:\/\/ouddorp-aan-zee.com\/wp-content\/uploads\/2020\/01\/Amsterdam_03-768x576.jpg 768w\" sizes=\"(max-width: 800px) 100vw, 800px\" \/><\/p>\n<\/div><\/div>\n<div class=\"su-box su-box-style-default\" id=\"\" style=\"border-color:#cccccc;border-radius:0px;\"><div class=\"su-box-title\" style=\"background-color:#ffffff;color:#222222;border-top-left-radius:0px;border-top-right-radius:0px\">Antwerpen, Belgi\u00eb (100 km)<\/div><div class=\"su-box-content su-u-clearfix su-u-trim\" style=\"border-bottom-left-radius:0px;border-bottom-right-radius:0px\">\n<p><img loading=\"lazy\" class=\"size-full wp-image-1426 alignleft\" src=\"http:\/\/ouddorp-aan-zee.com\/wp-content\/uploads\/2020\/01\/Antwerpen.jpg\" alt=\"\" width=\"200\" height=\"auto\" srcset=\"http:\/\/ouddorp-aan-zee.com\/wp-content\/uploads\/2020\/01\/Antwerpen.jpg 800w, http:\/\/ouddorp-aan-zee.com\/wp-content\/uploads\/2020\/01\/Antwerpen-300x225.jpg 300w, http:\/\/ouddorp-aan-zee.com\/wp-content\/uploads\/2020\/01\/Antwerpen-768x576.jpg 768w\" sizes=\"(max-width: 800px) 100vw, 800px\" \/><\/p>\n<\/div><\/div>\n<div class=\"su-box su-box-style-default\" id=\"\" style=\"border-color:#cccccc;border-radius:0px;\"><div class=\"su-box-title\" style=\"background-color:#ffffff;color:#222222;border-top-left-radius:0px;border-top-right-radius:0px\">Brussel, Belgi\u00eb (145 km)<\/div><div class=\"su-box-content su-u-clearfix su-u-trim\" style=\"border-bottom-left-radius:0px;border-bottom-right-radius:0px\">\n<p><img loading=\"lazy\" class=\"size-full wp-image-1292 alignleft\" src=\"http:\/\/ouddorp-aan-zee.com\/wp-content\/uploads\/2019\/10\/Br\u00fcssel_01.jpg\" alt=\"\" width=\"200\" height=\"auto\" srcset=\"http:\/\/ouddorp-aan-zee.com\/wp-content\/uploads\/2019\/10\/Br\u00fcssel_01.jpg 800w, http:\/\/ouddorp-aan-zee.com\/wp-content\/uploads\/2019\/10\/Br\u00fcssel_01-300x225.jpg 300w, http:\/\/ouddorp-aan-zee.com\/wp-content\/uploads\/2019\/10\/Br\u00fcssel_01-768x576.jpg 768w\" sizes=\"(max-width: 800px) 100vw, 800px\" \/><\/p>\n<\/div><\/div>\n<div class=\"su-box su-box-style-default\" id=\"\" style=\"border-color:#cccccc;border-radius:0px;\"><div class=\"su-box-title\" style=\"background-color:#ffffff;color:#222222;border-top-left-radius:0px;border-top-right-radius:0px\">Delft (60 km)<\/div><div class=\"su-box-content su-u-clearfix su-u-trim\" style=\"border-bottom-left-radius:0px;border-bottom-right-radius:0px\">\n<p><img loading=\"lazy\" class=\"size-full wp-image-1417 alignleft\" src=\"http:\/\/ouddorp-aan-zee.com\/wp-content\/uploads\/2020\/01\/Delft.jpg\" alt=\"\" width=\"200&quot;\" height=\"auto\" srcset=\"http:\/\/ouddorp-aan-zee.com\/wp-content\/uploads\/2020\/01\/Delft.jpg 800w, http:\/\/ouddorp-aan-zee.com\/wp-content\/uploads\/2020\/01\/Delft-300x225.jpg 300w, http:\/\/ouddorp-aan-zee.com\/wp-content\/uploads\/2020\/01\/Delft-768x576.jpg 768w\" sizes=\"(max-width: 800px) 100vw, 800px\" \/><\/p>\n<\/div><\/div>\n<div class=\"su-box su-box-style-default\" id=\"\" style=\"border-color:#cccccc;border-radius:0px;\"><div class=\"su-box-title\" style=\"background-color:#ffffff;color:#222222;border-top-left-radius:0px;border-top-right-radius:0px\">Den Haag (68 km)<\/div><div class=\"su-box-content su-u-clearfix su-u-trim\" style=\"border-bottom-left-radius:0px;border-bottom-right-radius:0px\">\n<p><img loading=\"lazy\" class=\"size-full wp-image-1418 alignleft\" src=\"http:\/\/ouddorp-aan-zee.com\/wp-content\/uploads\/2020\/01\/Den-Haag.jpg\" alt=\"\" width=\"200\" height=\"auto\" srcset=\"http:\/\/ouddorp-aan-zee.com\/wp-content\/uploads\/2020\/01\/Den-Haag.jpg 800w, http:\/\/ouddorp-aan-zee.com\/wp-content\/uploads\/2020\/01\/Den-Haag-300x225.jpg 300w, http:\/\/ouddorp-aan-zee.com\/wp-content\/uploads\/2020\/01\/Den-Haag-768x576.jpg 768w\" sizes=\"(max-width: 800px) 100vw, 800px\" \/><\/p>\n<\/div><\/div>\n<div class=\"su-box su-box-style-default\" id=\"\" style=\"border-color:#cccccc;border-radius:0px;\"><div class=\"su-box-title\" style=\"background-color:#ffffff;color:#222222;border-top-left-radius:0px;border-top-right-radius:0px\">Middelburg (50 km)<\/div><div class=\"su-box-content su-u-clearfix su-u-trim\" style=\"border-bottom-left-radius:0px;border-bottom-right-radius:0px\">\n<p><img loading=\"lazy\" class=\"size-full wp-image-1422 alignleft\" src=\"http:\/\/ouddorp-aan-zee.com\/wp-content\/uploads\/2020\/01\/Middelburg.jpg\" alt=\"\" width=\"200\" height=\"auto\" srcset=\"http:\/\/ouddorp-aan-zee.com\/wp-content\/uploads\/2020\/01\/Middelburg.jpg 800w, http:\/\/ouddorp-aan-zee.com\/wp-content\/uploads\/2020\/01\/Middelburg-300x225.jpg 300w, http:\/\/ouddorp-aan-zee.com\/wp-content\/uploads\/2020\/01\/Middelburg-768x576.jpg 768w\" sizes=\"(max-width: 800px) 100vw, 800px\" \/><\/p>\n<\/div><\/div>\n<div class=\"su-box su-box-style-default\" id=\"\" style=\"border-color:#cccccc;border-radius:0px;\"><div class=\"su-box-title\" style=\"background-color:#ffffff;color:#222222;border-top-left-radius:0px;border-top-right-radius:0px\">Rotterdam (55 km)<\/div><div class=\"su-box-content su-u-clearfix su-u-trim\" style=\"border-bottom-left-radius:0px;border-bottom-right-radius:0px\">\n<p><img loading=\"lazy\" class=\"size-full wp-image-1296 alignleft\" src=\"http:\/\/ouddorp-aan-zee.com\/wp-content\/uploads\/2019\/10\/Rotterdam_03.jpg\" alt=\"\" width=\"200\" height=\"auto\" srcset=\"http:\/\/ouddorp-aan-zee.com\/wp-content\/uploads\/2019\/10\/Rotterdam_03.jpg 800w, http:\/\/ouddorp-aan-zee.com\/wp-content\/uploads\/2019\/10\/Rotterdam_03-300x225.jpg 300w, http:\/\/ouddorp-aan-zee.com\/wp-content\/uploads\/2019\/10\/Rotterdam_03-768x576.jpg 768w\" sizes=\"(max-width: 800px) 100vw, 800px\" \/><\/p>\n<\/div><\/div>\n<div class=\"su-box su-box-style-default\" id=\"\" style=\"border-color:#cccccc;border-radius:0px;\"><div class=\"su-box-title\" style=\"background-color:#ffffff;color:#222222;border-top-left-radius:0px;border-top-right-radius:0px\">Veere (45 km)<\/div><div class=\"su-box-content su-u-clearfix su-u-trim\" style=\"border-bottom-left-radius:0px;border-bottom-right-radius:0px\">\n<p><img loading=\"lazy\" class=\"size-full wp-image-1423 alignleft\" src=\"http:\/\/ouddorp-aan-zee.com\/wp-content\/uploads\/2020\/01\/Veere.jpg\" alt=\"\" width=\"200\" height=\"auto\" srcset=\"http:\/\/ouddorp-aan-zee.com\/wp-content\/uploads\/2020\/01\/Veere.jpg 800w, http:\/\/ouddorp-aan-zee.com\/wp-content\/uploads\/2020\/01\/Veere-300x225.jpg 300w, http:\/\/ouddorp-aan-zee.com\/wp-content\/uploads\/2020\/01\/Veere-768x576.jpg 768w\" sizes=\"(max-width: 800px) 100vw, 800px\" \/><\/p>\n<\/div><\/div>\n<div class=\"su-box su-box-style-default\" id=\"\" style=\"border-color:#cccccc;border-radius:0px;\"><div class=\"su-box-title\" style=\"background-color:#ffffff;color:#222222;border-top-left-radius:0px;border-top-right-radius:0px\">Vlissingen (60 km)<\/div><div class=\"su-box-content su-u-clearfix su-u-trim\" style=\"border-bottom-left-radius:0px;border-bottom-right-radius:0px\">\n<p><img loading=\"lazy\" class=\"size-full wp-image-1424 alignleft\" src=\"http:\/\/ouddorp-aan-zee.com\/wp-content\/uploads\/2020\/01\/Vlissingen.jpg\" alt=\"\" width=\"200\" height=\"auto\" srcset=\"http:\/\/ouddorp-aan-zee.com\/wp-content\/uploads\/2020\/01\/Vlissingen.jpg 800w, http:\/\/ouddorp-aan-zee.com\/wp-content\/uploads\/2020\/01\/Vlissingen-300x225.jpg 300w, http:\/\/ouddorp-aan-zee.com\/wp-content\/uploads\/2020\/01\/Vlissingen-768x576.jpg 768w\" sizes=\"(max-width: 800px) 100vw, 800px\" \/><\/p>\n<\/div><\/div>\n<div class=\"su-box su-box-style-default\" id=\"\" style=\"border-color:#cccccc;border-radius:0px;\"><div class=\"su-box-title\" style=\"background-color:#ffffff;color:#222222;border-top-left-radius:0px;border-top-right-radius:0px\">Zierikzee (28 km)<\/div><div class=\"su-box-content su-u-clearfix su-u-trim\" style=\"border-bottom-left-radius:0px;border-bottom-right-radius:0px\">\n<p><img loading=\"lazy\" class=\"size-full wp-image-1425 alignleft\" src=\"http:\/\/ouddorp-aan-zee.com\/wp-content\/uploads\/2020\/01\/Zierikzee.jpg\" alt=\"\" width=\"200\" height=\"auto\" \/><\/p>\n<\/div><\/div>\n<h1 style=\"text-align: left;\"><strong>Excursies<\/strong><\/h1>\n<div class=\"su-box su-box-style-default\" id=\"\" style=\"border-color:#cccccc;border-radius:0px;\"><div class=\"su-box-title\" style=\"background-color:#ffffff;color:#222222;border-top-left-radius:0px;border-top-right-radius:0px\">Keukenhof bij Lisse (100 km)<\/div><div class=\"su-box-content su-u-clearfix su-u-trim\" style=\"border-bottom-left-radius:0px;border-bottom-right-radius:0px\">\n<p><img loading=\"lazy\" class=\"size-full wp-image-1294 alignleft\" src=\"http:\/\/ouddorp-aan-zee.com\/wp-content\/uploads\/2019\/10\/Keukenhof_01.jpg\" alt=\"\" width=\"200\" height=\"auto\" srcset=\"http:\/\/ouddorp-aan-zee.com\/wp-content\/uploads\/2019\/10\/Keukenhof_01.jpg 800w, http:\/\/ouddorp-aan-zee.com\/wp-content\/uploads\/2019\/10\/Keukenhof_01-300x225.jpg 300w, http:\/\/ouddorp-aan-zee.com\/wp-content\/uploads\/2019\/10\/Keukenhof_01-768x576.jpg 768w\" sizes=\"(max-width: 800px) 100vw, 800px\" \/><\/p>\n<p>Bloemenpark (maart t\/m mei)<br \/>\n<a href=\"http:\/\/www.keukenhof.nl\" target=\"_blank\" rel=\"noopener noreferrer\">www.keukenhof.nl<\/a><\/p>\n<\/div><\/div>\n<div class=\"su-box su-box-style-default\" id=\"\" style=\"border-color:#cccccc;border-radius:0px;\"><div class=\"su-box-title\" style=\"background-color:#ffffff;color:#222222;border-top-left-radius:0px;border-top-right-radius:0px\">Kinderdijk (67 km)<\/div><div class=\"su-box-content su-u-clearfix su-u-trim\" style=\"border-bottom-left-radius:0px;border-bottom-right-radius:0px\">\n<p><img loading=\"lazy\" class=\"size-full wp-image-1295 alignleft\" src=\"http:\/\/ouddorp-aan-zee.com\/wp-content\/uploads\/2019\/10\/Kinderdijk_bear.jpg\" alt=\"\" width=\"200\" height=\"auto\" srcset=\"http:\/\/ouddorp-aan-zee.com\/wp-content\/uploads\/2019\/10\/Kinderdijk_bear.jpg 800w, http:\/\/ouddorp-aan-zee.com\/wp-content\/uploads\/2019\/10\/Kinderdijk_bear-300x225.jpg 300w, http:\/\/ouddorp-aan-zee.com\/wp-content\/uploads\/2019\/10\/Kinderdijk_bear-768x576.jpg 768w\" sizes=\"(max-width: 800px) 100vw, 800px\" \/><br \/>\nHistorische windmolens UNESCO werelderfgoed<br \/>\n<a href=\"http:\/\/www.kinderdijk.nl\" target=\"_blank\" rel=\"noopener noreferrer\">www.kinderdijk.nl<\/a><\/p>\n<\/div><\/div>\n<div class=\"su-box su-box-style-default\" id=\"\" style=\"border-color:#cccccc;border-radius:0px;\"><div class=\"su-box-title\" style=\"background-color:#ffffff;color:#222222;border-top-left-radius:0px;border-top-right-radius:0px\">Neeltje Jans (42 km)<\/div><div class=\"su-box-content su-u-clearfix su-u-trim\" style=\"border-bottom-left-radius:0px;border-bottom-right-radius:0px\">\n<p><img loading=\"lazy\" class=\"size-full wp-image-1327 alignleft\" src=\"http:\/\/ouddorp-aan-zee.com\/wp-content\/uploads\/2020\/01\/Neeltje-Jans.jpg\" alt=\"\" width=\"200\" height=\"auto\" \/><br \/>\nInformatie- en attractiepark Noordzee<br \/>\n<a href=\"http:\/\/www.neeltjejans.nl\" target=\"_blank\" rel=\"noopener noreferrer\">www.neeltjejans.nl<\/a><\/p>\n<\/div><\/div>\n<div class=\"su-box su-box-style-default\" id=\"\" style=\"border-color:#cccccc;border-radius:0px;\"><div class=\"su-box-title\" style=\"background-color:#ffffff;color:#222222;border-top-left-radius:0px;border-top-right-radius:0px\">Zeelandbrug bij Zierikzee (32 km)<\/div><div class=\"su-box-content su-u-clearfix su-u-trim\" style=\"border-bottom-left-radius:0px;border-bottom-right-radius:0px\">\n<p><img loading=\"lazy\" class=\"size-full wp-image-1298 alignleft\" src=\"http:\/\/ouddorp-aan-zee.com\/wp-content\/uploads\/2019\/10\/Zeelandbr\u00fccke_01.jpg\" alt=\"\" width=\"200\" height=\"auto\" srcset=\"http:\/\/ouddorp-aan-zee.com\/wp-content\/uploads\/2019\/10\/Zeelandbr\u00fccke_01.jpg 796w, http:\/\/ouddorp-aan-zee.com\/wp-content\/uploads\/2019\/10\/Zeelandbr\u00fccke_01-300x225.jpg 300w, http:\/\/ouddorp-aan-zee.com\/wp-content\/uploads\/2019\/10\/Zeelandbr\u00fccke_01-768x577.jpg 768w\" sizes=\"(max-width: 796px) 100vw, 796px\" \/><br \/>\n<a href=\"http:\/\/www.zeeland.nl\/zeelandbrug\" target=\"_blank\" rel=\"noopener noreferrer\">www.zeeland.nl\/zeelandbrug<\/a><\/p>\n<\/div><\/div>\n<div class=\"su-box su-box-style-default\" id=\"\" style=\"border-color:#cccccc;border-radius:0px;\"><div class=\"su-box-title\" style=\"background-color:#ffffff;color:#222222;border-top-left-radius:0px;border-top-right-radius:0px\">Europoort (68 km)<\/div><div class=\"su-box-content su-u-clearfix su-u-trim\" style=\"border-bottom-left-radius:0px;border-bottom-right-radius:0px\">\n<p><img loading=\"lazy\" class=\"size-full wp-image-1421 alignleft\" src=\"http:\/\/ouddorp-aan-zee.com\/wp-content\/uploads\/2020\/01\/Europoort.jpg\" alt=\"\" width=\"200\" height=\"auto\" srcset=\"http:\/\/ouddorp-aan-zee.com\/wp-content\/uploads\/2020\/01\/Europoort.jpg 800w, http:\/\/ouddorp-aan-zee.com\/wp-content\/uploads\/2020\/01\/Europoort-300x225.jpg 300w, http:\/\/ouddorp-aan-zee.com\/wp-content\/uploads\/2020\/01\/Europoort-768x576.jpg 768w\" sizes=\"(max-width: 800px) 100vw, 800px\" \/><br \/>\nbootstocht haven van Rotterdam<br \/>\n<a href=\"http:\/\/www.rondvaarteuropoort.nl\" target=\"_blank\" rel=\"noopener noreferrer\">www.rondvaarteuropoort.nl<\/a><\/p>\n<\/div><\/div>\n<div class=\"su-box su-box-style-default\" id=\"\" style=\"border-color:#cccccc;border-radius:0px;\"><div class=\"su-box-title\" style=\"background-color:#ffffff;color:#222222;border-top-left-radius:0px;border-top-right-radius:0px\">Pretpark Duinrell (75 km)<\/div><div class=\"su-box-content su-u-clearfix su-u-trim\" style=\"border-bottom-left-radius:0px;border-bottom-right-radius:0px\">\n<p><img loading=\"lazy\" class=\"size-full wp-image-1419 alignleft\" src=\"http:\/\/ouddorp-aan-zee.com\/wp-content\/uploads\/2020\/01\/Duirell.jpg\" alt=\"\" width=\"200\" height=\"auto\" srcset=\"http:\/\/ouddorp-aan-zee.com\/wp-content\/uploads\/2020\/01\/Duirell.jpg 800w, http:\/\/ouddorp-aan-zee.com\/wp-content\/uploads\/2020\/01\/Duirell-300x225.jpg 300w, http:\/\/ouddorp-aan-zee.com\/wp-content\/uploads\/2020\/01\/Duirell-768x576.jpg 768w\" sizes=\"(max-width: 800px) 100vw, 800px\" \/><br \/>\n<a href=\"http:\/\/www.duinrell.nl\" target=\"_blank\" rel=\"noopener noreferrer\">www.duinrell.nl<\/a><\/p>\n<\/div><\/div>\n<div class=\"su-box su-box-style-default\" id=\"\" style=\"border-color:#cccccc;border-radius:0px;\"><div class=\"su-box-title\" style=\"background-color:#ffffff;color:#222222;border-top-left-radius:0px;border-top-right-radius:0px\">Pretpark Efteling (100 km)<\/div><div class=\"su-box-content su-u-clearfix su-u-trim\" style=\"border-bottom-left-radius:0px;border-bottom-right-radius:0px\">\n<p><img loading=\"lazy\" class=\"size-full wp-image-1420 alignleft\" src=\"http:\/\/ouddorp-aan-zee.com\/wp-content\/uploads\/2020\/01\/Efteling.jpg\" alt=\"\" width=\"200\" height=\"auto\" srcset=\"http:\/\/ouddorp-aan-zee.com\/wp-content\/uploads\/2020\/01\/Efteling.jpg 800w, http:\/\/ouddorp-aan-zee.com\/wp-content\/uploads\/2020\/01\/Efteling-300x225.jpg 300w, http:\/\/ouddorp-aan-zee.com\/wp-content\/uploads\/2020\/01\/Efteling-768x576.jpg 768w\" sizes=\"(max-width: 800px) 100vw, 800px\" \/><br \/>\n<a href=\"http:\/\/www.efteling.com\" target=\"_blank\" rel=\"noopener noreferrer\">www.efteling.com<\/a><\/p>\n<\/div><\/div>\n<div class=\"su-box su-box-style-default\" id=\"\" style=\"border-color:#cccccc;border-radius:0px;\"><div class=\"su-box-title\" style=\"background-color:#ffffff;color:#222222;border-top-left-radius:0px;border-top-right-radius:0px\">Dierentuin Blijdorp (50 km)<\/div><div class=\"su-box-content su-u-clearfix su-u-trim\" style=\"border-bottom-left-radius:0px;border-bottom-right-radius:0px\">\n<p><img loading=\"lazy\" class=\"size-full wp-image-1415 alignleft\" src=\"http:\/\/ouddorp-aan-zee.com\/wp-content\/uploads\/2020\/01\/Blijdorp.jpg\" alt=\"\" width=\"200\" height=\"auto\" srcset=\"http:\/\/ouddorp-aan-zee.com\/wp-content\/uploads\/2020\/01\/Blijdorp.jpg 800w, http:\/\/ouddorp-aan-zee.com\/wp-content\/uploads\/2020\/01\/Blijdorp-300x225.jpg 300w, http:\/\/ouddorp-aan-zee.com\/wp-content\/uploads\/2020\/01\/Blijdorp-768x576.jpg 768w\" sizes=\"(max-width: 800px) 100vw, 800px\" \/><br \/>\n<a href=\"http:\/\/www.diergaardeblijdorp.nl\" target=\"_blank\" rel=\"noopener noreferrer\">www.diergaardeblijdorp.nl<\/a><\/p>\n<\/div><\/div>","protected":false},"excerpt":{"rendered":"<p>Steden Excursies<\/p>\n","protected":false},"author":1,"featured_media":0,"parent":0,"menu_order":0,"comment_status":"closed","ping_status":"closed","template":"","meta":[],"yoast_head":"<!-- This site is optimized with the Yoast SEO plugin v19.9 - https:\/\/yoast.com\/wordpress\/plugins\/seo\/ -->\n<title>Ferienhaus in Ouddorp aan Zee<\/title>\n<meta name=\"description\" content=\"Komfortables und modern eingerichtet Ferienhaus f\u00fcr 6 Personen direkt an der holl\u00e4ndischen Nordseek\u00fcste.\" \/>\n<meta name=\"robots\" content=\"noindex, nofollow\" \/>\n<meta property=\"og:locale\" content=\"nl_NL\" \/>\n<meta property=\"og:type\" content=\"article\" \/>\n<meta property=\"og:title\" content=\"Ferienhaus in Ouddorp aan Zee\" \/>\n<meta property=\"og:description\" content=\"Komfortables und modern eingerichtet Ferienhaus f\u00fcr 6 Personen direkt an der holl\u00e4ndischen Nordseek\u00fcste.\" \/>\n<meta property=\"og:url\" content=\"http:\/\/ouddorp-aan-zee.com\/tagesausflug\/\" \/>\n<meta property=\"og:site_name\" content=\"ouddorp-aan-zee.com\" \/>\n<meta property=\"article:modified_time\" content=\"2021-11-21T20:17:09+00:00\" \/>\n<meta property=\"og:image\" content=\"http:\/\/ouddorp-aan-zee.com\/wp-content\/uploads\/2020\/01\/Amsterdam_03.jpg\" \/>\n<meta name=\"twitter:card\" content=\"summary_large_image\" \/>\n<meta name=\"twitter:label1\" content=\"Geschatte leestijd\" \/>\n\t<meta name=\"twitter:data1\" content=\"4 minuten\" \/>\n<script type=\"application\/ld+json\" class=\"yoast-schema-graph\">{\"@context\":\"https:\/\/schema.org\",\"@graph\":[{\"@type\":\"WebPage\",\"@id\":\"http:\/\/ouddorp-aan-zee.com\/tagesausflug\/\",\"url\":\"http:\/\/ouddorp-aan-zee.com\/tagesausflug\/\",\"name\":\"Ferienhaus in Ouddorp aan Zee\",\"isPartOf\":{\"@id\":\"http:\/\/ouddorp-aan-zee.com\/en\/#website\"},\"datePublished\":\"2020-01-03T16:32:36+00:00\",\"dateModified\":\"2021-11-21T20:17:09+00:00\",\"description\":\"Komfortables und modern eingerichtet Ferienhaus f\u00fcr 6 Personen direkt an der holl\u00e4ndischen Nordseek\u00fcste.\",\"breadcrumb\":{\"@id\":\"http:\/\/ouddorp-aan-zee.com\/tagesausflug\/#breadcrumb\"},\"inLanguage\":\"nl\",\"potentialAction\":[{\"@type\":\"ReadAction\",\"target\":[\"http:\/\/ouddorp-aan-zee.com\/tagesausflug\/\"]}]},{\"@type\":\"BreadcrumbList\",\"@id\":\"http:\/\/ouddorp-aan-zee.com\/tagesausflug\/#breadcrumb\",\"itemListElement\":[{\"@type\":\"ListItem\",\"position\":1,\"name\":\"Startseite\",\"item\":\"http:\/\/ouddorp-aan-zee.com\/en\/\"},{\"@type\":\"ListItem\",\"position\":2,\"name\":\"Tagesausflug\"}]},{\"@type\":\"WebSite\",\"@id\":\"http:\/\/ouddorp-aan-zee.com\/en\/#website\",\"url\":\"http:\/\/ouddorp-aan-zee.com\/en\/\",\"name\":\"ouddorp-aan-zee.com\",\"description\":\"Noordzeepark - Zuiderdiep 34\",\"potentialAction\":[{\"@type\":\"SearchAction\",\"target\":{\"@type\":\"EntryPoint\",\"urlTemplate\":\"http:\/\/ouddorp-aan-zee.com\/en\/?s={search_term_string}\"},\"query-input\":\"required name=search_term_string\"}],\"inLanguage\":\"nl\"}]}<\/script>\n<!-- \/ Yoast SEO plugin. -->","yoast_head_json":{"title":"Ferienhaus in Ouddorp aan Zee","description":"Komfortables und modern eingerichtet Ferienhaus f\u00fcr 6 Personen direkt an der holl\u00e4ndischen Nordseek\u00fcste.","robots":{"index":"noindex","follow":"nofollow"},"og_locale":"nl_NL","og_type":"article","og_title":"Ferienhaus in Ouddorp aan Zee","og_description":"Komfortables und modern eingerichtet Ferienhaus f\u00fcr 6 Personen direkt an der holl\u00e4ndischen Nordseek\u00fcste.","og_url":"http:\/\/ouddorp-aan-zee.com\/tagesausflug\/","og_site_name":"ouddorp-aan-zee.com","article_modified_time":"2021-11-21T20:17:09+00:00","og_image":[{"url":"http:\/\/ouddorp-aan-zee.com\/wp-content\/uploads\/2020\/01\/Amsterdam_03.jpg"}],"twitter_card":"summary_large_image","twitter_misc":{"Geschatte leestijd":"4 minuten"},"schema":{"@context":"https:\/\/schema.org","@graph":[{"@type":"WebPage","@id":"http:\/\/ouddorp-aan-zee.com\/tagesausflug\/","url":"http:\/\/ouddorp-aan-zee.com\/tagesausflug\/","name":"Ferienhaus in Ouddorp aan Zee","isPartOf":{"@id":"http:\/\/ouddorp-aan-zee.com\/en\/#website"},"datePublished":"2020-01-03T16:32:36+00:00","dateModified":"2021-11-21T20:17:09+00:00","description":"Komfortables und modern eingerichtet Ferienhaus f\u00fcr 6 Personen direkt an der holl\u00e4ndischen Nordseek\u00fcste.","breadcrumb":{"@id":"http:\/\/ouddorp-aan-zee.com\/tagesausflug\/#breadcrumb"},"inLanguage":"nl","potentialAction":[{"@type":"ReadAction","target":["http:\/\/ouddorp-aan-zee.com\/tagesausflug\/"]}]},{"@type":"BreadcrumbList","@id":"http:\/\/ouddorp-aan-zee.com\/tagesausflug\/#breadcrumb","itemListElement":[{"@type":"ListItem","position":1,"name":"Startseite","item":"http:\/\/ouddorp-aan-zee.com\/en\/"},{"@type":"ListItem","position":2,"name":"Tagesausflug"}]},{"@type":"WebSite","@id":"http:\/\/ouddorp-aan-zee.com\/en\/#website","url":"http:\/\/ouddorp-aan-zee.com\/en\/","name":"ouddorp-aan-zee.com","description":"Noordzeepark - Zuiderdiep 34","potentialAction":[{"@type":"SearchAction","target":{"@type":"EntryPoint","urlTemplate":"http:\/\/ouddorp-aan-zee.com\/en\/?s={search_term_string}"},"query-input":"required name=search_term_string"}],"inLanguage":"nl"}]}},"_links":{"self":[{"href":"http:\/\/ouddorp-aan-zee.com\/nl\/wp-json\/wp\/v2\/pages\/1390"}],"collection":[{"href":"http:\/\/ouddorp-aan-zee.com\/nl\/wp-json\/wp\/v2\/pages"}],"about":[{"href":"http:\/\/ouddorp-aan-zee.com\/nl\/wp-json\/wp\/v2\/types\/page"}],"author":[{"embeddable":true,"href":"http:\/\/ouddorp-aan-zee.com\/nl\/wp-json\/wp\/v2\/users\/1"}],"replies":[{"embeddable":true,"href":"http:\/\/ouddorp-aan-zee.com\/nl\/wp-json\/wp\/v2\/comments?post=1390"}],"version-history":[{"count":10,"href":"http:\/\/ouddorp-aan-zee.com\/nl\/wp-json\/wp\/v2\/pages\/1390\/revisions"}],"predecessor-version":[{"id":1756,"href":"http:\/\/ouddorp-aan-zee.com\/nl\/wp-json\/wp\/v2\/pages\/1390\/revisions\/1756"}],"wp:attachment":[{"href":"http:\/\/ouddorp-aan-zee.com\/nl\/wp-json\/wp\/v2\/media?parent=1390"}],"curies":[{"name":"wp","href":"https:\/\/api.w.org\/{rel}","templated":true}]}}