{"id":1382,"date":"2020-01-03T17:31:30","date_gmt":"2020-01-03T16:31:30","guid":{"rendered":"http:\/\/ouddorp-aan-zee.com\/?page_id=1382"},"modified":"2020-02-16T20:14:37","modified_gmt":"2020-02-16T19:14:37","slug":"ouddorp","status":"publish","type":"page","link":"http:\/\/ouddorp-aan-zee.com\/nl\/ouddorp\/","title":{"rendered":"Ouddorp"},"content":{"rendered":"<img loading=\"lazy\" class=\"wp-image-546 alignright\" src=\"http:\/\/ouddorp-aan-zee.com\/wp-content\/uploads\/2017\/03\/kaart_nl.png\" alt=\"\" width=\"220\" height=\"803\" \/>Ouddorp hoort bij de gemeente Goeree-Overflakkee en ligt op de kop van het gelijknamige eiland in het zuidwesten van de provincie Zuid-Holland. Ouddorp heeft ca. 6000 inwoners en beschikt over alle noodzakelijke voorzieningen en bied een veelzijdige aanbod aan vrijetijdsbesteding en culturele evenementen. In directe omgeving vindt u kilometerslange zandstranden en natuurparken om te verblijven. De Noordzee en het aanliggende Grevelingenmeer bieden bovendien talrijke\u00a0watersportmogelijkheden zo als zeilen, surfen en duiken.<\/p>\n\r\n\t<div class=\"slideshow_container slideshow_container_style-light\" style=\"height: 350px; \" data-slideshow-id=\"1019\" data-style-name=\"style-light\" data-style-version=\"2.3.1\" >\r\n\r\n\t\t\t\t\t<div class=\"slideshow_loading_icon\"><\/div>\r\n\t\t\r\n\t\t<div class=\"slideshow_content\" style=\"display: none;\">\r\n\r\n\t\t\t<div class=\"slideshow_view\">\r\n\t\t\t\t<div class=\"slideshow_slide slideshow_slide_image\">\r\n\t\t\t\t\t\t\t\t\t\t\t<img src=\"http:\/\/ouddorp-aan-zee.com\/wp-content\/uploads\/2019\/05\/a-1.jpg\" alt=\"a (1)\" width=\"1024\" height=\"506\" \/>\r\n\t\t\t\t\t\t\t\t\t\t<div class=\"slideshow_description_box slideshow_transparent\">\r\n\t\t\t\t\t\t<div class=\"slideshow_title\">a (1)<\/div>\t\t\t\t\t\t\t\t\t\t\t<\/div>\r\n\t\t\t\t<\/div>\r\n\r\n\t\t\t\t\t\t<div style=\"clear: both;\"><\/div><\/div><div class=\"slideshow_view\">\r\n\t\t\t\t<div class=\"slideshow_slide slideshow_slide_image\">\r\n\t\t\t\t\t\t\t\t\t\t\t<img src=\"http:\/\/ouddorp-aan-zee.com\/wp-content\/uploads\/2019\/05\/a-2.jpg\" alt=\"a (2)\" width=\"1024\" height=\"768\" \/>\r\n\t\t\t\t\t\t\t\t\t\t<div class=\"slideshow_description_box slideshow_transparent\">\r\n\t\t\t\t\t\t<div class=\"slideshow_title\">a (2)<\/div>\t\t\t\t\t\t\t\t\t\t\t<\/div>\r\n\t\t\t\t<\/div>\r\n\r\n\t\t\t\t\t\t<div style=\"clear: both;\"><\/div><\/div><div class=\"slideshow_view\">\r\n\t\t\t\t<div class=\"slideshow_slide slideshow_slide_image\">\r\n\t\t\t\t\t\t\t\t\t\t\t<img src=\"http:\/\/ouddorp-aan-zee.com\/wp-content\/uploads\/2019\/05\/a-3.jpg\" alt=\"a (3)\" width=\"1024\" height=\"768\" \/>\r\n\t\t\t\t\t\t\t\t\t\t<div class=\"slideshow_description_box slideshow_transparent\">\r\n\t\t\t\t\t\t<div class=\"slideshow_title\">a (3)<\/div>\t\t\t\t\t\t\t\t\t\t\t<\/div>\r\n\t\t\t\t<\/div>\r\n\r\n\t\t\t\t\t\t<div style=\"clear: both;\"><\/div><\/div><div class=\"slideshow_view\">\r\n\t\t\t\t<div class=\"slideshow_slide slideshow_slide_image\">\r\n\t\t\t\t\t\t\t\t\t\t\t<img src=\"http:\/\/ouddorp-aan-zee.com\/wp-content\/uploads\/2019\/05\/a-4.jpg\" alt=\"a (4)\" width=\"1024\" height=\"768\" \/>\r\n\t\t\t\t\t\t\t\t\t\t<div class=\"slideshow_description_box slideshow_transparent\">\r\n\t\t\t\t\t\t<div class=\"slideshow_title\">a (4)<\/div>\t\t\t\t\t\t\t\t\t\t\t<\/div>\r\n\t\t\t\t<\/div>\r\n\r\n\t\t\t\t\t\t<div style=\"clear: both;\"><\/div><\/div><div class=\"slideshow_view\">\r\n\t\t\t\t<div class=\"slideshow_slide slideshow_slide_image\">\r\n\t\t\t\t\t\t\t\t\t\t\t<img src=\"http:\/\/ouddorp-aan-zee.com\/wp-content\/uploads\/2019\/05\/a-5.jpg\" alt=\"a (5)\" width=\"1024\" height=\"768\" \/>\r\n\t\t\t\t\t\t\t\t\t\t<div class=\"slideshow_description_box slideshow_transparent\">\r\n\t\t\t\t\t\t<div class=\"slideshow_title\">a (5)<\/div>\t\t\t\t\t\t\t\t\t\t\t<\/div>\r\n\t\t\t\t<\/div>\r\n\r\n\t\t\t\t\t\t<div style=\"clear: both;\"><\/div><\/div><div class=\"slideshow_view\">\r\n\t\t\t\t<div class=\"slideshow_slide slideshow_slide_image\">\r\n\t\t\t\t\t\t\t\t\t\t\t<img src=\"http:\/\/ouddorp-aan-zee.com\/wp-content\/uploads\/2019\/05\/a-6.jpg\" alt=\"a (6)\" width=\"1024\" height=\"768\" \/>\r\n\t\t\t\t\t\t\t\t\t\t<div class=\"slideshow_description_box slideshow_transparent\">\r\n\t\t\t\t\t\t<div class=\"slideshow_title\">a (6)<\/div>\t\t\t\t\t\t\t\t\t\t\t<\/div>\r\n\t\t\t\t<\/div>\r\n\r\n\t\t\t\t\t\t<div style=\"clear: both;\"><\/div><\/div><div class=\"slideshow_view\">\r\n\t\t\t\t<div class=\"slideshow_slide slideshow_slide_image\">\r\n\t\t\t\t\t\t\t\t\t\t\t<img src=\"http:\/\/ouddorp-aan-zee.com\/wp-content\/uploads\/2019\/05\/a-7.jpg\" alt=\"a (7)\" width=\"1024\" height=\"768\" \/>\r\n\t\t\t\t\t\t\t\t\t\t<div class=\"slideshow_description_box slideshow_transparent\">\r\n\t\t\t\t\t\t<div class=\"slideshow_title\">a (7)<\/div>\t\t\t\t\t\t\t\t\t\t\t<\/div>\r\n\t\t\t\t<\/div>\r\n\r\n\t\t\t\t\t\t<div style=\"clear: both;\"><\/div><\/div><div class=\"slideshow_view\">\r\n\t\t\t\t<div class=\"slideshow_slide slideshow_slide_image\">\r\n\t\t\t\t\t\t\t\t\t\t\t<img src=\"http:\/\/ouddorp-aan-zee.com\/wp-content\/uploads\/2019\/05\/a-8.jpg\" alt=\"a (8)\" width=\"1024\" height=\"768\" \/>\r\n\t\t\t\t\t\t\t\t\t\t<div class=\"slideshow_description_box slideshow_transparent\">\r\n\t\t\t\t\t\t<div class=\"slideshow_title\">a (8)<\/div>\t\t\t\t\t\t\t\t\t\t\t<\/div>\r\n\t\t\t\t<\/div>\r\n\r\n\t\t\t\t\t\t<div style=\"clear: both;\"><\/div><\/div><div class=\"slideshow_view\">\r\n\t\t\t\t<div class=\"slideshow_slide slideshow_slide_image\">\r\n\t\t\t\t\t\t\t\t\t\t\t<img src=\"http:\/\/ouddorp-aan-zee.com\/wp-content\/uploads\/2019\/05\/a-9.jpg\" alt=\"a (9)\" width=\"1024\" height=\"768\" \/>\r\n\t\t\t\t\t\t\t\t\t\t<div class=\"slideshow_description_box slideshow_transparent\">\r\n\t\t\t\t\t\t<div class=\"slideshow_title\">a (9)<\/div>\t\t\t\t\t\t\t\t\t\t\t<\/div>\r\n\t\t\t\t<\/div>\r\n\r\n\t\t\t\t\t\t<div style=\"clear: both;\"><\/div><\/div><div class=\"slideshow_view\">\r\n\t\t\t\t<div class=\"slideshow_slide slideshow_slide_image\">\r\n\t\t\t\t\t\t\t\t\t\t\t<img src=\"http:\/\/ouddorp-aan-zee.com\/wp-content\/uploads\/2019\/05\/a-10.jpg\" alt=\"a (10)\" width=\"1024\" height=\"768\" \/>\r\n\t\t\t\t\t\t\t\t\t\t<div class=\"slideshow_description_box slideshow_transparent\">\r\n\t\t\t\t\t\t<div class=\"slideshow_title\">a (10)<\/div>\t\t\t\t\t\t\t\t\t\t\t<\/div>\r\n\t\t\t\t<\/div>\r\n\r\n\t\t\t\t\t\t<div style=\"clear: both;\"><\/div><\/div><div class=\"slideshow_view\">\r\n\t\t\t\t<div class=\"slideshow_slide slideshow_slide_image\">\r\n\t\t\t\t\t\t\t\t\t\t\t<img src=\"http:\/\/ouddorp-aan-zee.com\/wp-content\/uploads\/2019\/05\/a-11.jpg\" alt=\"a (11)\" width=\"1024\" height=\"768\" \/>\r\n\t\t\t\t\t\t\t\t\t\t<div class=\"slideshow_description_box slideshow_transparent\">\r\n\t\t\t\t\t\t<div class=\"slideshow_title\">a (11)<\/div>\t\t\t\t\t\t\t\t\t\t\t<\/div>\r\n\t\t\t\t<\/div>\r\n\r\n\t\t\t\t\t\t<div style=\"clear: both;\"><\/div><\/div><div class=\"slideshow_view\">\r\n\t\t\t\t<div class=\"slideshow_slide slideshow_slide_image\">\r\n\t\t\t\t\t\t\t\t\t\t\t<img src=\"http:\/\/ouddorp-aan-zee.com\/wp-content\/uploads\/2019\/05\/a-12.jpg\" alt=\"a (12)\" width=\"1024\" height=\"768\" \/>\r\n\t\t\t\t\t\t\t\t\t\t<div class=\"slideshow_description_box slideshow_transparent\">\r\n\t\t\t\t\t\t<div class=\"slideshow_title\">a (12)<\/div>\t\t\t\t\t\t\t\t\t\t\t<\/div>\r\n\t\t\t\t<\/div>\r\n\r\n\t\t\t\t\t\t<div style=\"clear: both;\"><\/div><\/div><div class=\"slideshow_view\">\r\n\t\t\t\t<div class=\"slideshow_slide slideshow_slide_image\">\r\n\t\t\t\t\t\t\t\t\t\t\t<img src=\"http:\/\/ouddorp-aan-zee.com\/wp-content\/uploads\/2019\/05\/a-17.jpg\" alt=\"a (17)\" width=\"1024\" height=\"768\" \/>\r\n\t\t\t\t\t\t\t\t\t\t<div class=\"slideshow_description_box slideshow_transparent\">\r\n\t\t\t\t\t\t<div class=\"slideshow_title\">a (17)<\/div>\t\t\t\t\t\t\t\t\t\t\t<\/div>\r\n\t\t\t\t<\/div>\r\n\r\n\t\t\t\t\t\t<div style=\"clear: both;\"><\/div><\/div><div class=\"slideshow_view\">\r\n\t\t\t\t<div class=\"slideshow_slide slideshow_slide_image\">\r\n\t\t\t\t\t\t\t\t\t\t\t<img src=\"http:\/\/ouddorp-aan-zee.com\/wp-content\/uploads\/2019\/05\/a-16.jpg\" alt=\"a (16)\" width=\"1024\" height=\"768\" \/>\r\n\t\t\t\t\t\t\t\t\t\t<div class=\"slideshow_description_box slideshow_transparent\">\r\n\t\t\t\t\t\t<div class=\"slideshow_title\">a (16)<\/div>\t\t\t\t\t\t\t\t\t\t\t<\/div>\r\n\t\t\t\t<\/div>\r\n\r\n\t\t\t\t\t\t<div style=\"clear: both;\"><\/div><\/div><div class=\"slideshow_view\">\r\n\t\t\t\t<div class=\"slideshow_slide slideshow_slide_image\">\r\n\t\t\t\t\t\t\t\t\t\t\t<img src=\"http:\/\/ouddorp-aan-zee.com\/wp-content\/uploads\/2019\/05\/a-13.jpg\" alt=\"a (13)\" width=\"1024\" height=\"768\" \/>\r\n\t\t\t\t\t\t\t\t\t\t<div class=\"slideshow_description_box slideshow_transparent\">\r\n\t\t\t\t\t\t<div class=\"slideshow_title\">a (13)<\/div>\t\t\t\t\t\t\t\t\t\t\t<\/div>\r\n\t\t\t\t<\/div>\r\n\r\n\t\t\t\t\t\t<div style=\"clear: both;\"><\/div><\/div><div class=\"slideshow_view\">\r\n\t\t\t\t<div class=\"slideshow_slide slideshow_slide_image\">\r\n\t\t\t\t\t\t\t\t\t\t\t<img src=\"http:\/\/ouddorp-aan-zee.com\/wp-content\/uploads\/2019\/05\/a-14.jpg\" alt=\"a (14)\" width=\"1024\" height=\"768\" \/>\r\n\t\t\t\t\t\t\t\t\t\t<div class=\"slideshow_description_box slideshow_transparent\">\r\n\t\t\t\t\t\t<div class=\"slideshow_title\">a (14)<\/div>\t\t\t\t\t\t\t\t\t\t\t<\/div>\r\n\t\t\t\t<\/div>\r\n\r\n\t\t\t\t\t\t<div style=\"clear: both;\"><\/div><\/div><div class=\"slideshow_view\">\r\n\t\t\t\t<div class=\"slideshow_slide slideshow_slide_image\">\r\n\t\t\t\t\t\t\t\t\t\t\t<img src=\"http:\/\/ouddorp-aan-zee.com\/wp-content\/uploads\/2019\/05\/a-15.jpg\" alt=\"a (15)\" width=\"1024\" height=\"768\" \/>\r\n\t\t\t\t\t\t\t\t\t\t<div class=\"slideshow_description_box slideshow_transparent\">\r\n\t\t\t\t\t\t<div class=\"slideshow_title\">a (15)<\/div>\t\t\t\t\t\t\t\t\t\t\t<\/div>\r\n\t\t\t\t<\/div>\r\n\r\n\t\t\t\t\t\t<div style=\"clear: both;\"><\/div><\/div>\r\n\t\t<\/div>\r\n\r\n\t\t<div class=\"slideshow_controlPanel slideshow_transparent\" style=\"display: none;\"><ul><li class=\"slideshow_togglePlay\" data-play-text=\"Afspelen\" data-pause-text=\"Pauzeren\"><\/li><\/ul><\/div>\r\n\r\n\t\t<div class=\"slideshow_button slideshow_previous slideshow_transparent\" role=\"button\" data-previous-text=\"Vorige\" style=\"display: none;\"><\/div>\r\n\t\t<div class=\"slideshow_button slideshow_next slideshow_transparent\" role=\"button\" data-next-text=\"Volgende\" style=\"display: none;\"><\/div>\r\n\r\n\t\t<div class=\"slideshow_pagination\" style=\"display: none;\" data-go-to-text=\"Ga naar slide\"><div class=\"slideshow_pagination_center\"><\/div><\/div>\r\n\r\n\t\t<!-- WordPress Slideshow Version 2.3.1 -->\r\n\r\n\t\t\t<\/div>\r\n\r\n\n<p>Ouddorp is ideaal gelegen voor dagjes uit naar de Zeeuwse eilanden en de historische steden zo als Zierikzee, Veere, Middelburg en Vlissingen. Ook de steden Rotterdam, Den Haag, Delft en Amsterdam zijn vanuit\u00a0Ouddorp goed bereikbaar. In de lente is een uitstapje naar de Keukenhof bij Lisse altijd de moeite waard.","protected":false},"excerpt":{"rendered":"<p>Ouddorp hoort bij de gemeente Goeree-Overflakkee en ligt op de kop van het gelijknamige eiland in het zuidwesten van de provincie Zuid-Holland. Ouddorp heeft ca. 6000 inwoners en beschikt over <a class=\"more-link\" href=\"http:\/\/ouddorp-aan-zee.com\/nl\/ouddorp\/\">Continue Reading \u2192<\/a><\/p>\n","protected":false},"author":1,"featured_media":0,"parent":0,"menu_order":0,"comment_status":"closed","ping_status":"closed","template":"","meta":[],"yoast_head":"<!-- This site is optimized with the Yoast SEO plugin v19.9 - https:\/\/yoast.com\/wordpress\/plugins\/seo\/ -->\n<title>Ferienhaus in Ouddorp aan Zee<\/title>\n<meta name=\"description\" content=\"Komfortables und modern eingerichtet Ferienhaus f\u00fcr 6 Personen direkt an der holl\u00e4ndischen Nordseek\u00fcste.\" \/>\n<meta name=\"robots\" content=\"index, follow, max-snippet:-1, max-image-preview:large, max-video-preview:-1\" \/>\n<link rel=\"canonical\" href=\"http:\/\/ouddorp-aan-zee.com\/ouddorp\/\" \/>\n<meta property=\"og:locale\" content=\"nl_NL\" \/>\n<meta property=\"og:type\" content=\"article\" \/>\n<meta property=\"og:title\" content=\"Ferienhaus in Ouddorp aan Zee\" \/>\n<meta property=\"og:description\" content=\"Komfortables und modern eingerichtet Ferienhaus f\u00fcr 6 Personen direkt an der holl\u00e4ndischen Nordseek\u00fcste.\" \/>\n<meta property=\"og:url\" content=\"http:\/\/ouddorp-aan-zee.com\/ouddorp\/\" \/>\n<meta property=\"og:site_name\" content=\"ouddorp-aan-zee.com\" \/>\n<meta property=\"article:modified_time\" content=\"2020-02-16T19:14:37+00:00\" \/>\n<meta property=\"og:image\" content=\"http:\/\/ouddorp-aan-zee.com\/wp-content\/uploads\/2017\/03\/kaart_nl.png\" \/>\n<meta name=\"twitter:card\" content=\"summary_large_image\" \/>\n<meta name=\"twitter:label1\" content=\"Geschatte leestijd\" \/>\n\t<meta name=\"twitter:data1\" content=\"2 minuten\" \/>\n<script type=\"application\/ld+json\" class=\"yoast-schema-graph\">{\"@context\":\"https:\/\/schema.org\",\"@graph\":[{\"@type\":\"WebPage\",\"@id\":\"http:\/\/ouddorp-aan-zee.com\/ouddorp\/\",\"url\":\"http:\/\/ouddorp-aan-zee.com\/ouddorp\/\",\"name\":\"Ferienhaus in Ouddorp aan Zee\",\"isPartOf\":{\"@id\":\"http:\/\/ouddorp-aan-zee.com\/en\/#website\"},\"datePublished\":\"2020-01-03T16:31:30+00:00\",\"dateModified\":\"2020-02-16T19:14:37+00:00\",\"description\":\"Komfortables und modern eingerichtet Ferienhaus f\u00fcr 6 Personen direkt an der holl\u00e4ndischen Nordseek\u00fcste.\",\"breadcrumb\":{\"@id\":\"http:\/\/ouddorp-aan-zee.com\/ouddorp\/#breadcrumb\"},\"inLanguage\":\"nl\",\"potentialAction\":[{\"@type\":\"ReadAction\",\"target\":[\"http:\/\/ouddorp-aan-zee.com\/ouddorp\/\"]}]},{\"@type\":\"BreadcrumbList\",\"@id\":\"http:\/\/ouddorp-aan-zee.com\/ouddorp\/#breadcrumb\",\"itemListElement\":[{\"@type\":\"ListItem\",\"position\":1,\"name\":\"Startseite\",\"item\":\"http:\/\/ouddorp-aan-zee.com\/en\/\"},{\"@type\":\"ListItem\",\"position\":2,\"name\":\"Ouddorp\"}]},{\"@type\":\"WebSite\",\"@id\":\"http:\/\/ouddorp-aan-zee.com\/en\/#website\",\"url\":\"http:\/\/ouddorp-aan-zee.com\/en\/\",\"name\":\"ouddorp-aan-zee.com\",\"description\":\"Noordzeepark - Zuiderdiep 34\",\"potentialAction\":[{\"@type\":\"SearchAction\",\"target\":{\"@type\":\"EntryPoint\",\"urlTemplate\":\"http:\/\/ouddorp-aan-zee.com\/en\/?s={search_term_string}\"},\"query-input\":\"required name=search_term_string\"}],\"inLanguage\":\"nl\"}]}<\/script>\n<!-- \/ Yoast SEO plugin. -->","yoast_head_json":{"title":"Ferienhaus in Ouddorp aan Zee","description":"Komfortables und modern eingerichtet Ferienhaus f\u00fcr 6 Personen direkt an der holl\u00e4ndischen Nordseek\u00fcste.","robots":{"index":"index","follow":"follow","max-snippet":"max-snippet:-1","max-image-preview":"max-image-preview:large","max-video-preview":"max-video-preview:-1"},"canonical":"http:\/\/ouddorp-aan-zee.com\/ouddorp\/","og_locale":"nl_NL","og_type":"article","og_title":"Ferienhaus in Ouddorp aan Zee","og_description":"Komfortables und modern eingerichtet Ferienhaus f\u00fcr 6 Personen direkt an der holl\u00e4ndischen Nordseek\u00fcste.","og_url":"http:\/\/ouddorp-aan-zee.com\/ouddorp\/","og_site_name":"ouddorp-aan-zee.com","article_modified_time":"2020-02-16T19:14:37+00:00","og_image":[{"url":"http:\/\/ouddorp-aan-zee.com\/wp-content\/uploads\/2017\/03\/kaart_nl.png"}],"twitter_card":"summary_large_image","twitter_misc":{"Geschatte leestijd":"2 minuten"},"schema":{"@context":"https:\/\/schema.org","@graph":[{"@type":"WebPage","@id":"http:\/\/ouddorp-aan-zee.com\/ouddorp\/","url":"http:\/\/ouddorp-aan-zee.com\/ouddorp\/","name":"Ferienhaus in Ouddorp aan Zee","isPartOf":{"@id":"http:\/\/ouddorp-aan-zee.com\/en\/#website"},"datePublished":"2020-01-03T16:31:30+00:00","dateModified":"2020-02-16T19:14:37+00:00","description":"Komfortables und modern eingerichtet Ferienhaus f\u00fcr 6 Personen direkt an der holl\u00e4ndischen Nordseek\u00fcste.","breadcrumb":{"@id":"http:\/\/ouddorp-aan-zee.com\/ouddorp\/#breadcrumb"},"inLanguage":"nl","potentialAction":[{"@type":"ReadAction","target":["http:\/\/ouddorp-aan-zee.com\/ouddorp\/"]}]},{"@type":"BreadcrumbList","@id":"http:\/\/ouddorp-aan-zee.com\/ouddorp\/#breadcrumb","itemListElement":[{"@type":"ListItem","position":1,"name":"Startseite","item":"http:\/\/ouddorp-aan-zee.com\/en\/"},{"@type":"ListItem","position":2,"name":"Ouddorp"}]},{"@type":"WebSite","@id":"http:\/\/ouddorp-aan-zee.com\/en\/#website","url":"http:\/\/ouddorp-aan-zee.com\/en\/","name":"ouddorp-aan-zee.com","description":"Noordzeepark - Zuiderdiep 34","potentialAction":[{"@type":"SearchAction","target":{"@type":"EntryPoint","urlTemplate":"http:\/\/ouddorp-aan-zee.com\/en\/?s={search_term_string}"},"query-input":"required name=search_term_string"}],"inLanguage":"nl"}]}},"_links":{"self":[{"href":"http:\/\/ouddorp-aan-zee.com\/nl\/wp-json\/wp\/v2\/pages\/1382"}],"collection":[{"href":"http:\/\/ouddorp-aan-zee.com\/nl\/wp-json\/wp\/v2\/pages"}],"about":[{"href":"http:\/\/ouddorp-aan-zee.com\/nl\/wp-json\/wp\/v2\/types\/page"}],"author":[{"embeddable":true,"href":"http:\/\/ouddorp-aan-zee.com\/nl\/wp-json\/wp\/v2\/users\/1"}],"replies":[{"embeddable":true,"href":"http:\/\/ouddorp-aan-zee.com\/nl\/wp-json\/wp\/v2\/comments?post=1382"}],"version-history":[{"count":10,"href":"http:\/\/ouddorp-aan-zee.com\/nl\/wp-json\/wp\/v2\/pages\/1382\/revisions"}],"predecessor-version":[{"id":1594,"href":"http:\/\/ouddorp-aan-zee.com\/nl\/wp-json\/wp\/v2\/pages\/1382\/revisions\/1594"}],"wp:attachment":[{"href":"http:\/\/ouddorp-aan-zee.com\/nl\/wp-json\/wp\/v2\/media?parent=1382"}],"curies":[{"name":"wp","href":"https:\/\/api.w.org\/{rel}","templated":true}]}}