{"id":1177,"date":"2019-10-13T16:04:24","date_gmt":"2019-10-13T14:04:24","guid":{"rendered":"http:\/\/ouddorp-aan-zee.com\/?page_id=1177"},"modified":"2021-03-15T20:58:34","modified_gmt":"2021-03-15T19:58:34","slug":"info","status":"publish","type":"page","link":"http:\/\/ouddorp-aan-zee.com\/nl\/info\/","title":{"rendered":"Contact"},"content":{"rendered":"Graag kunt u ons een bericht sturen. Wij geven zo spoedig mogelijk antwoord terug.<\/p>\n<p>&nbsp;<\/p>\n<div role=\"form\" class=\"wpcf7\" id=\"wpcf7-f687-o1\" lang=\"nl-NL\" dir=\"ltr\">\n<div class=\"screen-reader-response\"><p role=\"status\" aria-live=\"polite\" aria-atomic=\"true\"><\/p> <ul><\/ul><\/div>\n<form action=\"\/nl\/wp-json\/wp\/v2\/pages\/1177#wpcf7-f687-o1\" method=\"post\" class=\"wpcf7-form init\" novalidate=\"novalidate\" data-status=\"init\">\n<div style=\"display: none;\">\n<input type=\"hidden\" name=\"_wpcf7\" value=\"687\" \/>\n<input type=\"hidden\" name=\"_wpcf7_version\" value=\"5.6.4\" \/>\n<input type=\"hidden\" name=\"_wpcf7_locale\" value=\"nl_NL\" \/>\n<input type=\"hidden\" name=\"_wpcf7_unit_tag\" value=\"wpcf7-f687-o1\" \/>\n<input type=\"hidden\" name=\"_wpcf7_container_post\" value=\"0\" \/>\n<input type=\"hidden\" name=\"_wpcf7_posted_data_hash\" value=\"\" \/>\n<\/div>\n<p><label> Uw naam (verplicht)<br \/>\n    <span class=\"wpcf7-form-control-wrap\" data-name=\"your-name\"><input type=\"text\" name=\"your-name\" value=\"\" size=\"40\" class=\"wpcf7-form-control wpcf7-text wpcf7-validates-as-required\" aria-required=\"true\" aria-invalid=\"false\" \/><\/span> <\/label><\/p>\n<p><label> Uw e-mail (verplicht)<br \/>\n    <span class=\"wpcf7-form-control-wrap\" data-name=\"your-email\"><input type=\"email\" name=\"your-email\" value=\"\" size=\"40\" class=\"wpcf7-form-control wpcf7-text wpcf7-email wpcf7-validates-as-required wpcf7-validates-as-email\" aria-required=\"true\" aria-invalid=\"false\" \/><\/span> <\/label><\/p>\n<p><label> Onderwerp<br \/>\n    <span class=\"wpcf7-form-control-wrap\" data-name=\"your-subject\"><input type=\"text\" name=\"your-subject\" value=\"\" size=\"40\" class=\"wpcf7-form-control wpcf7-text\" aria-invalid=\"false\" \/><\/span> <\/label><\/p>\n<p><label> Uw bericht<br \/>\n    <span class=\"wpcf7-form-control-wrap\" data-name=\"your-message\"><textarea name=\"your-message\" cols=\"40\" rows=\"10\" class=\"wpcf7-form-control wpcf7-textarea\" aria-invalid=\"false\"><\/textarea><\/span> <\/label><\/p>\n<p><span id=\"wpcf7-69ea72612a555-wrapper\" class=\"wpcf7-form-control-wrap ouddorpcheck_nl-wrap\" style=\"display:none !important; visibility:hidden !important;\"><label for=\"wpcf7-69ea72612a555-field\" class=\"hp-message\">Gelieve dit veld leeg te laten.<\/label><input id=\"wpcf7-69ea72612a555-field\"  class=\"wpcf7-form-control wpcf7-text\" type=\"text\" name=\"ouddorpcheck_nl\" value=\"\" size=\"40\" tabindex=\"-1\" autocomplete=\"new-password\" \/><\/span><\/p>\n<p><input type=\"submit\" value=\"Versturen\" class=\"wpcf7-form-control has-spinner wpcf7-submit\" \/><\/p>\n<div class=\"wpcf7-response-output\" aria-hidden=\"true\"><\/div><\/form><\/div>","protected":false},"excerpt":{"rendered":"<p>Graag kunt u ons een bericht sturen. Wij geven zo spoedig mogelijk antwoord terug. &nbsp;<\/p>\n","protected":false},"author":1,"featured_media":0,"parent":0,"menu_order":0,"comment_status":"closed","ping_status":"closed","template":"","meta":[],"yoast_head":"<!-- This site is optimized with the Yoast SEO plugin v19.9 - https:\/\/yoast.com\/wordpress\/plugins\/seo\/ -->\n<title>Ferienhaus in Ouddorp aan Zee<\/title>\n<meta name=\"description\" content=\"Komfortables und modern eingerichtet Ferienhaus f\u00fcr 6 Personen direkt an der holl\u00e4ndischen Nordseek\u00fcste.\" \/>\n<meta name=\"robots\" content=\"noindex, nofollow\" \/>\n<meta property=\"og:locale\" content=\"nl_NL\" \/>\n<meta property=\"og:type\" content=\"article\" \/>\n<meta property=\"og:title\" content=\"Ferienhaus in Ouddorp aan Zee\" \/>\n<meta property=\"og:description\" content=\"Komfortables und modern eingerichtet Ferienhaus f\u00fcr 6 Personen direkt an der holl\u00e4ndischen Nordseek\u00fcste.\" \/>\n<meta property=\"og:url\" content=\"http:\/\/ouddorp-aan-zee.com\/info\/\" \/>\n<meta property=\"og:site_name\" content=\"ouddorp-aan-zee.com\" \/>\n<meta property=\"article:modified_time\" content=\"2021-03-15T19:58:34+00:00\" \/>\n<meta name=\"twitter:card\" content=\"summary_large_image\" \/>\n<script type=\"application\/ld+json\" class=\"yoast-schema-graph\">{\"@context\":\"https:\/\/schema.org\",\"@graph\":[{\"@type\":\"WebPage\",\"@id\":\"http:\/\/ouddorp-aan-zee.com\/info\/\",\"url\":\"http:\/\/ouddorp-aan-zee.com\/info\/\",\"name\":\"Ferienhaus in Ouddorp aan Zee\",\"isPartOf\":{\"@id\":\"http:\/\/ouddorp-aan-zee.com\/en\/#website\"},\"datePublished\":\"2019-10-13T14:04:24+00:00\",\"dateModified\":\"2021-03-15T19:58:34+00:00\",\"description\":\"Komfortables und modern eingerichtet Ferienhaus f\u00fcr 6 Personen direkt an der holl\u00e4ndischen Nordseek\u00fcste.\",\"breadcrumb\":{\"@id\":\"http:\/\/ouddorp-aan-zee.com\/info\/#breadcrumb\"},\"inLanguage\":\"nl\",\"potentialAction\":[{\"@type\":\"ReadAction\",\"target\":[\"http:\/\/ouddorp-aan-zee.com\/info\/\"]}]},{\"@type\":\"BreadcrumbList\",\"@id\":\"http:\/\/ouddorp-aan-zee.com\/info\/#breadcrumb\",\"itemListElement\":[{\"@type\":\"ListItem\",\"position\":1,\"name\":\"Startseite\",\"item\":\"http:\/\/ouddorp-aan-zee.com\/en\/\"},{\"@type\":\"ListItem\",\"position\":2,\"name\":\"Kontakt\"}]},{\"@type\":\"WebSite\",\"@id\":\"http:\/\/ouddorp-aan-zee.com\/en\/#website\",\"url\":\"http:\/\/ouddorp-aan-zee.com\/en\/\",\"name\":\"ouddorp-aan-zee.com\",\"description\":\"Noordzeepark - Zuiderdiep 34\",\"potentialAction\":[{\"@type\":\"SearchAction\",\"target\":{\"@type\":\"EntryPoint\",\"urlTemplate\":\"http:\/\/ouddorp-aan-zee.com\/en\/?s={search_term_string}\"},\"query-input\":\"required name=search_term_string\"}],\"inLanguage\":\"nl\"}]}<\/script>\n<!-- \/ Yoast SEO plugin. -->","yoast_head_json":{"title":"Ferienhaus in Ouddorp aan Zee","description":"Komfortables und modern eingerichtet Ferienhaus f\u00fcr 6 Personen direkt an der holl\u00e4ndischen Nordseek\u00fcste.","robots":{"index":"noindex","follow":"nofollow"},"og_locale":"nl_NL","og_type":"article","og_title":"Ferienhaus in Ouddorp aan Zee","og_description":"Komfortables und modern eingerichtet Ferienhaus f\u00fcr 6 Personen direkt an der holl\u00e4ndischen Nordseek\u00fcste.","og_url":"http:\/\/ouddorp-aan-zee.com\/info\/","og_site_name":"ouddorp-aan-zee.com","article_modified_time":"2021-03-15T19:58:34+00:00","twitter_card":"summary_large_image","schema":{"@context":"https:\/\/schema.org","@graph":[{"@type":"WebPage","@id":"http:\/\/ouddorp-aan-zee.com\/info\/","url":"http:\/\/ouddorp-aan-zee.com\/info\/","name":"Ferienhaus in Ouddorp aan Zee","isPartOf":{"@id":"http:\/\/ouddorp-aan-zee.com\/en\/#website"},"datePublished":"2019-10-13T14:04:24+00:00","dateModified":"2021-03-15T19:58:34+00:00","description":"Komfortables und modern eingerichtet Ferienhaus f\u00fcr 6 Personen direkt an der holl\u00e4ndischen Nordseek\u00fcste.","breadcrumb":{"@id":"http:\/\/ouddorp-aan-zee.com\/info\/#breadcrumb"},"inLanguage":"nl","potentialAction":[{"@type":"ReadAction","target":["http:\/\/ouddorp-aan-zee.com\/info\/"]}]},{"@type":"BreadcrumbList","@id":"http:\/\/ouddorp-aan-zee.com\/info\/#breadcrumb","itemListElement":[{"@type":"ListItem","position":1,"name":"Startseite","item":"http:\/\/ouddorp-aan-zee.com\/en\/"},{"@type":"ListItem","position":2,"name":"Kontakt"}]},{"@type":"WebSite","@id":"http:\/\/ouddorp-aan-zee.com\/en\/#website","url":"http:\/\/ouddorp-aan-zee.com\/en\/","name":"ouddorp-aan-zee.com","description":"Noordzeepark - Zuiderdiep 34","potentialAction":[{"@type":"SearchAction","target":{"@type":"EntryPoint","urlTemplate":"http:\/\/ouddorp-aan-zee.com\/en\/?s={search_term_string}"},"query-input":"required name=search_term_string"}],"inLanguage":"nl"}]}},"_links":{"self":[{"href":"http:\/\/ouddorp-aan-zee.com\/nl\/wp-json\/wp\/v2\/pages\/1177"}],"collection":[{"href":"http:\/\/ouddorp-aan-zee.com\/nl\/wp-json\/wp\/v2\/pages"}],"about":[{"href":"http:\/\/ouddorp-aan-zee.com\/nl\/wp-json\/wp\/v2\/types\/page"}],"author":[{"embeddable":true,"href":"http:\/\/ouddorp-aan-zee.com\/nl\/wp-json\/wp\/v2\/users\/1"}],"replies":[{"embeddable":true,"href":"http:\/\/ouddorp-aan-zee.com\/nl\/wp-json\/wp\/v2\/comments?post=1177"}],"version-history":[{"count":4,"href":"http:\/\/ouddorp-aan-zee.com\/nl\/wp-json\/wp\/v2\/pages\/1177\/revisions"}],"predecessor-version":[{"id":1250,"href":"http:\/\/ouddorp-aan-zee.com\/nl\/wp-json\/wp\/v2\/pages\/1177\/revisions\/1250"}],"wp:attachment":[{"href":"http:\/\/ouddorp-aan-zee.com\/nl\/wp-json\/wp\/v2\/media?parent=1177"}],"curies":[{"name":"wp","href":"https:\/\/api.w.org\/{rel}","templated":true}]}}