{"id":1166,"date":"2019-10-13T16:04:06","date_gmt":"2019-10-13T14:04:06","guid":{"rendered":"http:\/\/ouddorp-aan-zee.com\/?page_id=1166"},"modified":"2026-01-18T13:45:28","modified_gmt":"2026-01-18T12:45:28","slug":"belegung-buchung","status":"publish","type":"page","link":"http:\/\/ouddorp-aan-zee.com\/nl\/belegung-buchung\/","title":{"rendered":"Beschikbaarheid\/Prijzen\/Boeking"},"content":{"rendered":"<img loading=\"lazy\" class=\"alignleft wp-image-999 size-medium\" src=\"http:\/\/ouddorp-aan-zee.com\/wp-content\/uploads\/2019\/05\/m-3-1-300x200.jpg\" alt=\"\" width=\"300\" height=\"200\" srcset=\"http:\/\/ouddorp-aan-zee.com\/wp-content\/uploads\/2019\/05\/m-3-1-300x200.jpg 300w, http:\/\/ouddorp-aan-zee.com\/wp-content\/uploads\/2019\/05\/m-3-1-768x513.jpg 768w, http:\/\/ouddorp-aan-zee.com\/wp-content\/uploads\/2019\/05\/m-3-1.jpg 1024w, http:\/\/ouddorp-aan-zee.com\/wp-content\/uploads\/2019\/05\/m-3-1-750x499.jpg 750w, http:\/\/ouddorp-aan-zee.com\/wp-content\/uploads\/2019\/05\/m-3-1-360x240.jpg 360w\" sizes=\"(max-width: 300px) 100vw, 300px\" \/><\/p>\n<p>Beheer en boeking geschied door \u201cNoordzee Bungalow Beheer BV\u201d.<\/p>\n<p>Verdere informatie vindt u hier:<\/p>\n<p><strong><a href=\"https:\/\/www.noordzeepark.nl\/accommodaties\/zuiderdiep+34_142\" target=\"_blank\" rel=\"noopener noreferrer\">&gt;&gt;beschikbaarheid prijzen boeking&lt;&lt;<\/a><\/strong><\/p>\n<p>&nbsp;<\/p>\n<p>&nbsp;","protected":false},"excerpt":{"rendered":"<p>Beheer en boeking geschied door \u201cNoordzee Bungalow Beheer BV\u201d. Verdere informatie vindt u hier: &gt;&gt;beschikbaarheid prijzen boeking&lt;&lt; &nbsp; &nbsp;<\/p>\n","protected":false},"author":1,"featured_media":0,"parent":0,"menu_order":0,"comment_status":"closed","ping_status":"closed","template":"","meta":[],"yoast_head":"<!-- This site is optimized with the Yoast SEO plugin v19.9 - https:\/\/yoast.com\/wordpress\/plugins\/seo\/ -->\n<title>Ferienhaus in Ouddorp aan Zee<\/title>\n<meta name=\"description\" content=\"Komfortables und modern eingerichtet Ferienhaus f\u00fcr 6 Personen direkt an der holl\u00e4ndischen Nordseek\u00fcste.\" \/>\n<meta name=\"robots\" content=\"index, follow, max-snippet:-1, max-image-preview:large, max-video-preview:-1\" \/>\n<link rel=\"canonical\" href=\"http:\/\/ouddorp-aan-zee.com\/belegung-buchung\/\" \/>\n<meta property=\"og:locale\" content=\"nl_NL\" \/>\n<meta property=\"og:type\" content=\"article\" \/>\n<meta property=\"og:title\" content=\"Ferienhaus in Ouddorp aan Zee\" \/>\n<meta property=\"og:description\" content=\"Komfortables und modern eingerichtet Ferienhaus f\u00fcr 6 Personen direkt an der holl\u00e4ndischen Nordseek\u00fcste.\" \/>\n<meta property=\"og:url\" content=\"http:\/\/ouddorp-aan-zee.com\/belegung-buchung\/\" \/>\n<meta property=\"og:site_name\" content=\"ouddorp-aan-zee.com\" \/>\n<meta property=\"article:modified_time\" content=\"2026-01-18T12:45:28+00:00\" \/>\n<meta property=\"og:image\" content=\"http:\/\/ouddorp-aan-zee.com\/wp-content\/uploads\/2019\/05\/m-3-1-300x200.jpg\" \/>\n<meta name=\"twitter:card\" content=\"summary_large_image\" \/>\n<meta name=\"twitter:label1\" content=\"Geschatte leestijd\" \/>\n\t<meta name=\"twitter:data1\" content=\"1 minuut\" \/>\n<script type=\"application\/ld+json\" class=\"yoast-schema-graph\">{\"@context\":\"https:\/\/schema.org\",\"@graph\":[{\"@type\":\"WebPage\",\"@id\":\"http:\/\/ouddorp-aan-zee.com\/belegung-buchung\/\",\"url\":\"http:\/\/ouddorp-aan-zee.com\/belegung-buchung\/\",\"name\":\"Ferienhaus in Ouddorp aan Zee\",\"isPartOf\":{\"@id\":\"http:\/\/ouddorp-aan-zee.com\/en\/#website\"},\"datePublished\":\"2019-10-13T14:04:06+00:00\",\"dateModified\":\"2026-01-18T12:45:28+00:00\",\"description\":\"Komfortables und modern eingerichtet Ferienhaus f\u00fcr 6 Personen direkt an der holl\u00e4ndischen Nordseek\u00fcste.\",\"breadcrumb\":{\"@id\":\"http:\/\/ouddorp-aan-zee.com\/belegung-buchung\/#breadcrumb\"},\"inLanguage\":\"nl\",\"potentialAction\":[{\"@type\":\"ReadAction\",\"target\":[\"http:\/\/ouddorp-aan-zee.com\/belegung-buchung\/\"]}]},{\"@type\":\"BreadcrumbList\",\"@id\":\"http:\/\/ouddorp-aan-zee.com\/belegung-buchung\/#breadcrumb\",\"itemListElement\":[{\"@type\":\"ListItem\",\"position\":1,\"name\":\"Startseite\",\"item\":\"http:\/\/ouddorp-aan-zee.com\/en\/\"},{\"@type\":\"ListItem\",\"position\":2,\"name\":\"Belegung\/Preise\/Buchung\"}]},{\"@type\":\"WebSite\",\"@id\":\"http:\/\/ouddorp-aan-zee.com\/en\/#website\",\"url\":\"http:\/\/ouddorp-aan-zee.com\/en\/\",\"name\":\"ouddorp-aan-zee.com\",\"description\":\"Noordzeepark - Zuiderdiep 34\",\"potentialAction\":[{\"@type\":\"SearchAction\",\"target\":{\"@type\":\"EntryPoint\",\"urlTemplate\":\"http:\/\/ouddorp-aan-zee.com\/en\/?s={search_term_string}\"},\"query-input\":\"required name=search_term_string\"}],\"inLanguage\":\"nl\"}]}<\/script>\n<!-- \/ Yoast SEO plugin. -->","yoast_head_json":{"title":"Ferienhaus in Ouddorp aan Zee","description":"Komfortables und modern eingerichtet Ferienhaus f\u00fcr 6 Personen direkt an der holl\u00e4ndischen Nordseek\u00fcste.","robots":{"index":"index","follow":"follow","max-snippet":"max-snippet:-1","max-image-preview":"max-image-preview:large","max-video-preview":"max-video-preview:-1"},"canonical":"http:\/\/ouddorp-aan-zee.com\/belegung-buchung\/","og_locale":"nl_NL","og_type":"article","og_title":"Ferienhaus in Ouddorp aan Zee","og_description":"Komfortables und modern eingerichtet Ferienhaus f\u00fcr 6 Personen direkt an der holl\u00e4ndischen Nordseek\u00fcste.","og_url":"http:\/\/ouddorp-aan-zee.com\/belegung-buchung\/","og_site_name":"ouddorp-aan-zee.com","article_modified_time":"2026-01-18T12:45:28+00:00","og_image":[{"url":"http:\/\/ouddorp-aan-zee.com\/wp-content\/uploads\/2019\/05\/m-3-1-300x200.jpg"}],"twitter_card":"summary_large_image","twitter_misc":{"Geschatte leestijd":"1 minuut"},"schema":{"@context":"https:\/\/schema.org","@graph":[{"@type":"WebPage","@id":"http:\/\/ouddorp-aan-zee.com\/belegung-buchung\/","url":"http:\/\/ouddorp-aan-zee.com\/belegung-buchung\/","name":"Ferienhaus in Ouddorp aan Zee","isPartOf":{"@id":"http:\/\/ouddorp-aan-zee.com\/en\/#website"},"datePublished":"2019-10-13T14:04:06+00:00","dateModified":"2026-01-18T12:45:28+00:00","description":"Komfortables und modern eingerichtet Ferienhaus f\u00fcr 6 Personen direkt an der holl\u00e4ndischen Nordseek\u00fcste.","breadcrumb":{"@id":"http:\/\/ouddorp-aan-zee.com\/belegung-buchung\/#breadcrumb"},"inLanguage":"nl","potentialAction":[{"@type":"ReadAction","target":["http:\/\/ouddorp-aan-zee.com\/belegung-buchung\/"]}]},{"@type":"BreadcrumbList","@id":"http:\/\/ouddorp-aan-zee.com\/belegung-buchung\/#breadcrumb","itemListElement":[{"@type":"ListItem","position":1,"name":"Startseite","item":"http:\/\/ouddorp-aan-zee.com\/en\/"},{"@type":"ListItem","position":2,"name":"Belegung\/Preise\/Buchung"}]},{"@type":"WebSite","@id":"http:\/\/ouddorp-aan-zee.com\/en\/#website","url":"http:\/\/ouddorp-aan-zee.com\/en\/","name":"ouddorp-aan-zee.com","description":"Noordzeepark - Zuiderdiep 34","potentialAction":[{"@type":"SearchAction","target":{"@type":"EntryPoint","urlTemplate":"http:\/\/ouddorp-aan-zee.com\/en\/?s={search_term_string}"},"query-input":"required name=search_term_string"}],"inLanguage":"nl"}]}},"_links":{"self":[{"href":"http:\/\/ouddorp-aan-zee.com\/nl\/wp-json\/wp\/v2\/pages\/1166"}],"collection":[{"href":"http:\/\/ouddorp-aan-zee.com\/nl\/wp-json\/wp\/v2\/pages"}],"about":[{"href":"http:\/\/ouddorp-aan-zee.com\/nl\/wp-json\/wp\/v2\/types\/page"}],"author":[{"embeddable":true,"href":"http:\/\/ouddorp-aan-zee.com\/nl\/wp-json\/wp\/v2\/users\/1"}],"replies":[{"embeddable":true,"href":"http:\/\/ouddorp-aan-zee.com\/nl\/wp-json\/wp\/v2\/comments?post=1166"}],"version-history":[{"count":10,"href":"http:\/\/ouddorp-aan-zee.com\/nl\/wp-json\/wp\/v2\/pages\/1166\/revisions"}],"predecessor-version":[{"id":1930,"href":"http:\/\/ouddorp-aan-zee.com\/nl\/wp-json\/wp\/v2\/pages\/1166\/revisions\/1930"}],"wp:attachment":[{"href":"http:\/\/ouddorp-aan-zee.com\/nl\/wp-json\/wp\/v2\/media?parent=1166"}],"curies":[{"name":"wp","href":"https:\/\/api.w.org\/{rel}","templated":true}]}}