{"id":1150,"date":"2019-10-12T17:32:25","date_gmt":"2019-10-12T15:32:25","guid":{"rendered":"http:\/\/ouddorp-aan-zee.com\/?page_id=1150"},"modified":"2023-11-19T15:17:23","modified_gmt":"2023-11-19T14:17:23","slug":"gaestebuch","status":"publish","type":"page","link":"http:\/\/ouddorp-aan-zee.com\/nl\/gaestebuch\/","title":{"rendered":"Gastenboek"},"content":{"rendered":"<h1>Uittreksels uit ons gastenboek:<\/h1>\n<blockquote><p><em>Wir haben hier eine tolle Zeit verbracht\u2026<br \/>\n\u2026 Was zu einem entspannten Aufenthalt beigetragen hat, war sicherlich auch dieses gem\u00fctliche und gepflegte Haus. Obwohl nicht riesig, bietet es genug R\u00fcckzugm\u00f6glichkeiten f\u00fcr mehrere Erwachsene + Kind\u2026<br \/>\nWir w\u00fcnschen dem Haus auch weiterhin gut gelaunte und erholte Urlauber.<br \/>\n<em>L. L. L. C. U+D K.<\/em><\/em><\/p><\/blockquote>\n<p>&nbsp;<\/p>\n<blockquote>\n<p align=\"RIGHT\"><em>Juli 2023<\/em><\/p>\n<p><em>So sch\u00f6n, sch\u00f6n war die Zeit\u2026<br \/>\nin diesem wundersch\u00f6nem Haus! Wir sagen Danke und kommen gerne wieder \ud83d\ude0a<br \/>\n<em>Fam. J<\/em><\/em><\/p><\/blockquote>\n<p>&nbsp;<\/p>\n<blockquote>\n<p align=\"RIGHT\"><em>maart 2023<\/em><\/p>\n<p><em>Beste eigenaren,<br \/>\nmet veel plezier gebruik gemaakt van de goed ingerichte en schone bungalow.<br \/>\nOp het park, mede door de afwezigheid van buren vonden wij aangenaam.<br \/>\nEen goede omgeving om tot rust te komen en een mooie uitvalsbasis voor wandelingen en excursies.<br \/>\n<em>Hartelijk bedankt,<br \/>\nA. en M. B.<\/em><\/em><\/p><\/blockquote>\n<p>&nbsp;<\/p>\n<blockquote>\n<p align=\"RIGHT\"><em>20.06.2022<\/em><\/p>\n<p><em>Vielen Dank f\u00fcr eine wundersch\u00f6ne Woche in Ouddorp in diesem gem\u00fctlichen Ferienhaus. Wir haben die Zeit hier sehr genossen und die Kinder hatten ganz viel Spa\u00df.<br \/>\nWir waren schon h\u00e4ufig im Noordzeepark, aber dieses Haus war eines der sch\u00f6nsten. Bestimmt kommen wir noch einmal wieder \ud83d\ude09<br \/>\nAllen weiteren G\u00e4sten w\u00fcnschen wir eine ebenso gute Zeit.<br \/>\n<em>Ganz liebe Gr\u00fc\u00dfe<br \/>\nFamilie B.<\/em><\/p><\/blockquote>\n<p>&nbsp;<\/p>\n<blockquote>\n<p align=\"RIGHT\"><em>31 maart 2022<\/em><\/p>\n<p><em>Beste huiseigenaaren,<br \/>\nAfgelopen week in jullie vakantiehuis doorgebracht.<br \/>\nWat een prettig huis om te huuren.<br \/>\nGoed verzorgd, niet te vol en alles wat nodig is, is aanwezig.<br \/>\nPrima bedden!!<br \/>\nWij hebben er enorm van genoten, heerlijk gewandeld en gefietst.<br \/>\nVoor ons voor herhaling vatbaar.<\/em><br \/>\nA. E. K.<\/em><\/p><\/blockquote>\n<p>&nbsp;<\/p>\n<blockquote>\n<p align=\"RIGHT\"><em>21.07.2021<\/em><\/p>\n<p><em>Seit \u00fcber 20 Jahren machen wir Urlaub im Noordzeepark aber dies ist eines der sch\u00f6nsten H\u00e4user, die wir jemals hatten.<br \/>\nWir haben die Zeit hier mal wieder sehr genossen und uns sehr sehr wohl gef\u00fchlt. Ganz bestimmt werden wir wieder kommen!<\/em><\/p>\n<p><em>Ganz herzlichen Dank<br \/>\nFamilie L.<\/em><\/p><\/blockquote>\n<p>&nbsp;<\/p>\n<blockquote>\n<p align=\"RIGHT\"><em>8. Juli 2021<\/em><\/p>\n<p><em>Nach einem Jahr voller Einschr\u00e4nkungen, haben wir hier bei euch im Nordseepark eine tolle, freie erholsame und meistens sonnige Zeit verbracht. Der Park ist toll, das Haus gem\u00fctlich und gerade die Kinder hatten jede Menge Abwechslung &amp; Spa\u00df<br \/>\nWir kommen gerne wieder, dann aber f\u00fcr 2 Wochen \ud83d\ude42<br \/>\n<em>Viele Gr\u00fc\u00dfe von<br \/>\nV., T, &amp; O. + M., R. &amp; J<\/em><\/em><\/p><\/blockquote>\n<p>&nbsp;<\/p>\n<blockquote>\n<p style=\"text-align: right;\"><em>25.06 \u2013 12.07.2019<\/em><\/p>\n<p><em>Liebe Eigent\u00fcmer<\/em><\/p>\n<p><em><strong>D<\/strong>anke, wir haben uns sehr wohl gef\u00fchlt.<\/em><\/p>\n<p><em><strong>A<\/strong>u\u00dfergew\u00f6hnliches Ambiente.<\/em><\/p>\n<p><em><strong>N<\/strong>atur pur, Sonne + Meer + Strand top.<\/em><\/p>\n<p><em><strong>K<\/strong>lasse gewohnt und geschlafen.<\/em><\/p>\n<p><em><strong>E<\/strong>rholung vom feinsten.<\/em><\/p>\n<p><em>Wir kommen gerne wieder!<\/em><\/p>\n<p><em>Herzliche Gr\u00fc\u00dfe,<\/em><\/p>\n<p><em>Familie F. aus K.<\/em><\/p><\/blockquote>\n<p>&nbsp;<\/p>\n<blockquote>\n<p style=\"text-align: right;\"><em>19.04.2019<\/em><\/p>\n<p><em>Wir hatten eine tolle Zeit in diesem sch\u00f6nen Haus in Ouddorp! Das Wetter war super, wir hatten viel Sonne und haben den Strand genossen \ud83d\ude42<\/em><\/p>\n<p><em>Viele Gr\u00fc\u00dfe<\/em><\/p>\n<p><em>Familie B.<\/em><\/p><\/blockquote>\n<p>&nbsp;<\/p>\n<blockquote>\n<p style=\"text-align: right;\"><em>25.05.2018<\/em><\/p>\n<p><em>Es war ein wundersch\u00f6ner Urlaub in einem wundersch\u00f6nen Haus.<\/em><\/p>\n<p><em>Vielen lieben Dank und liebe Gr\u00fc\u00dfe<\/em><\/p>\n<p><em>Familie O.<\/em><\/p><\/blockquote>\n<p>&nbsp;<\/p>\n<blockquote>\n<p style=\"text-align: right;\"><em>04.05.2018<\/em><\/p>\n<p><em>We hebben een heerlijke week doorgebracht in dit heerlijke huisje.<\/em><\/p>\n<p><em>Samen met onze 4 volwassen zoos hebben we genoten van de rust op dit park, de korte wandeling naar het strand waar we allerlei weersoorten hebben meegemaakt. Van een voorzichtig zonnetje op de eerste dag, regen en storm rondom het weekend en geeindigd met stralend weer.<\/em><\/p>\n<p><em>Volgens e\u00ebn van onze zoons, die werkt aan zijn afstudeeropdracht was de wifi perfekt!<\/em><\/p>\n<p><em>Alles klopte aan dit huisje en we hebben niets gemist.<\/em><\/p>\n<p><em>Hartelijke dank!<\/em><\/p>\n<p><em>H., T., F., D., R., en P.<\/em><\/p><\/blockquote>\n<p>&nbsp;<\/p>\n<blockquote>\n<p style=\"text-align: right;\"><em>Kerst 2017<\/em><\/p>\n<p><em>Gezellig compleet ingericht huisje.<\/em><\/p>\n<p><em>We hebben hier een mooie kerstweek doorgebracht<\/em><\/p>\n<p><em>Fam. D.<\/em><\/p><\/blockquote>\n<p>&nbsp;<\/p>\n<blockquote>\n<p style=\"text-align: right;\"><em>November 2017<\/em><\/p>\n<p><em>Even in November a fine place to stay!<\/em><\/p>\n<p><em>This house is a nice one for two up to six persons an it has all we need for four days of relaxing.<\/em><\/p>\n<p><em>Thank you for the modern and economic style inside an the good sleep at night.<\/em><\/p>\n<p><em>Fam. B.<\/em><\/p><\/blockquote>\n<p>&nbsp;<\/p>\n<blockquote>\n<p style=\"text-align: right;\"><em>August 2017<\/em><\/p>\n<p><em>Eine wunderbare Zeit haben wir in diesem wunderbaren H\u00e4uschen verbracht und uns in diesen Ort verliebt.<\/em><\/p>\n<p><em>Wir sind uns sicher, dass weitere Ausfl\u00fcge und Urlaube hierher folgen.<\/em><\/p>\n<p><em>Wir w\u00fcnschen allen, die ihren Urlaub hier verbringen, eine ebenso tolle Zeit, wie wir sie hatten.<\/em><\/p>\n<p><em>Vielen Dank f\u00fcr ein sch\u00f6nes Heim<\/em><\/p>\n<p><em>Familie M.<\/em><\/p><\/blockquote>\n<p>&nbsp;<\/p>\n<blockquote>\n<p style=\"text-align: right;\"><em>July 2017<\/em><\/p>\n<p><em>Bedankt und tot ziens.<\/em><\/p>\n<p><em>Das Haus ist modern und gem\u00fctlich eingerichtet.<\/em><\/p>\n<p><em>Dar\u00fcberhinaus alles vorhanden.<\/em><\/p>\n<p><em>Mit dem Wetter hatten wir leider nicht viel Gl\u00fcck.<\/em><\/p>\n<p><em>Sch\u00f6ne Gr\u00fc\u00dfe<\/em><\/p>\n<p><em>Familie R.<\/em><\/p><\/blockquote>\n<p>&nbsp;<\/p>\n<blockquote>\n<p style=\"text-align: right;\"><em>28.05.2017<\/em><\/p>\n<p><em>Sch\u00f6ne Tage haben wir hier verbracht!<\/em><\/p>\n<p><em>Ein besonderes Lob an das mit so viel Liebe und geschmackvoll eingerichtete Haus.<\/em><\/p>\n<p><em>Wir haben uns hier sehr wohl gef\u00fchlt, und freuen uns auf das n\u00e4chste mal!<\/em><\/p>\n<p><em>Familie K.<\/em><\/p><\/blockquote>\n<p>&nbsp;<\/p>\n<blockquote>\n<p style=\"text-align: right;\"><em>01.09.2017<\/em><\/p>\n<p><em>Wat een fijn huisje, heel compleet ingericht en zeker ook smaakvol.<\/em><\/p>\n<p><em>Onze complimenten!<\/em><\/p>\n<p><em>tip om uit eten te gaan:<\/em><\/p>\n<p><em>\u201ede pannetjes\u201c in Ouddorp<\/em><\/p>\n<p><em>hartelijke groet<\/em><\/p>\n<p><em>fam. E.\/Z.<\/em><\/p><\/blockquote>\n<p>&nbsp;<\/p>\n<blockquote><p><em>Wij hebben hier een midweek gezeten! Het is echt een super leuk huisje! En we hebben het er naar ons zin gehad.<\/em><\/p>\n<p><em>J. L. L. N.<\/em><\/p><\/blockquote>\n<p>&nbsp;<\/p>\n<blockquote>\n<p align=\"RIGHT\"><em>19.04.2017<\/em><\/p>\n<p><em>De afgelopen drie weken heb ik in dit huisje geschreven aan mijn proefschrift. Helemaal alleen om me volledig te kunnen concentreren. Idere dag ging ik even naar zee of naar het centrum van Ouddorp. Ik heb de tafel ingericht als bureau en de verlengsnoer uit het schuurtje gebruikt om mijn computer aan te sluiten. Ik was erg blij met de goede internet verbinding want ik hen veel gebruik gemaakt van artikelen die online beschikbaar zijn. Helaas moet er nog veel gebeuren voordat mijn proefschift helemaal af is maar ik hoop het later dit jaar in te kunnen dienen. Wellicht is er nog een tweede periode aan zee nodig, dan kom ik graag terug want het huisje beviel prima.<\/em><\/p>\n<p><em>Groeten en dank, E.<\/em><\/p><\/blockquote>","protected":false},"excerpt":{"rendered":"<p>Uittreksels uit ons gastenboek: Wir haben hier eine tolle Zeit verbracht\u2026 \u2026 Was zu einem entspannten Aufenthalt beigetragen hat, war sicherlich auch dieses gem\u00fctliche und gepflegte Haus. Obwohl nicht riesig, <a class=\"more-link\" href=\"http:\/\/ouddorp-aan-zee.com\/nl\/gaestebuch\/\">Continue Reading \u2192<\/a><\/p>\n","protected":false},"author":1,"featured_media":0,"parent":0,"menu_order":0,"comment_status":"closed","ping_status":"closed","template":"","meta":[],"yoast_head":"<!-- This site is optimized with the Yoast SEO plugin v19.9 - https:\/\/yoast.com\/wordpress\/plugins\/seo\/ -->\n<title>Ferienhaus in Ouddorp aan Zee<\/title>\n<meta name=\"description\" content=\"Komfortables und modern eingerichtet Ferienhaus f\u00fcr 6 Personen direkt an der holl\u00e4ndischen Nordseek\u00fcste.\" \/>\n<meta name=\"robots\" content=\"noindex, nofollow\" \/>\n<meta property=\"og:locale\" content=\"nl_NL\" \/>\n<meta property=\"og:type\" content=\"article\" \/>\n<meta property=\"og:title\" content=\"Ferienhaus in Ouddorp aan Zee\" \/>\n<meta property=\"og:description\" content=\"Komfortables und modern eingerichtet Ferienhaus f\u00fcr 6 Personen direkt an der holl\u00e4ndischen Nordseek\u00fcste.\" \/>\n<meta property=\"og:url\" content=\"http:\/\/ouddorp-aan-zee.com\/gaestebuch\/\" \/>\n<meta property=\"og:site_name\" content=\"ouddorp-aan-zee.com\" \/>\n<meta property=\"article:modified_time\" content=\"2023-11-19T14:17:23+00:00\" \/>\n<meta name=\"twitter:card\" content=\"summary_large_image\" \/>\n<meta name=\"twitter:label1\" content=\"Geschatte leestijd\" \/>\n\t<meta name=\"twitter:data1\" content=\"14 minuten\" \/>\n<script type=\"application\/ld+json\" class=\"yoast-schema-graph\">{\"@context\":\"https:\/\/schema.org\",\"@graph\":[{\"@type\":\"WebPage\",\"@id\":\"http:\/\/ouddorp-aan-zee.com\/gaestebuch\/\",\"url\":\"http:\/\/ouddorp-aan-zee.com\/gaestebuch\/\",\"name\":\"Ferienhaus in Ouddorp aan Zee\",\"isPartOf\":{\"@id\":\"http:\/\/ouddorp-aan-zee.com\/en\/#website\"},\"datePublished\":\"2019-10-12T15:32:25+00:00\",\"dateModified\":\"2023-11-19T14:17:23+00:00\",\"description\":\"Komfortables und modern eingerichtet Ferienhaus f\u00fcr 6 Personen direkt an der holl\u00e4ndischen Nordseek\u00fcste.\",\"breadcrumb\":{\"@id\":\"http:\/\/ouddorp-aan-zee.com\/gaestebuch\/#breadcrumb\"},\"inLanguage\":\"nl\",\"potentialAction\":[{\"@type\":\"ReadAction\",\"target\":[\"http:\/\/ouddorp-aan-zee.com\/gaestebuch\/\"]}]},{\"@type\":\"BreadcrumbList\",\"@id\":\"http:\/\/ouddorp-aan-zee.com\/gaestebuch\/#breadcrumb\",\"itemListElement\":[{\"@type\":\"ListItem\",\"position\":1,\"name\":\"Startseite\",\"item\":\"http:\/\/ouddorp-aan-zee.com\/en\/\"},{\"@type\":\"ListItem\",\"position\":2,\"name\":\"G\u00e4stebuch\"}]},{\"@type\":\"WebSite\",\"@id\":\"http:\/\/ouddorp-aan-zee.com\/en\/#website\",\"url\":\"http:\/\/ouddorp-aan-zee.com\/en\/\",\"name\":\"ouddorp-aan-zee.com\",\"description\":\"Noordzeepark - Zuiderdiep 34\",\"potentialAction\":[{\"@type\":\"SearchAction\",\"target\":{\"@type\":\"EntryPoint\",\"urlTemplate\":\"http:\/\/ouddorp-aan-zee.com\/en\/?s={search_term_string}\"},\"query-input\":\"required name=search_term_string\"}],\"inLanguage\":\"nl\"}]}<\/script>\n<!-- \/ Yoast SEO plugin. -->","yoast_head_json":{"title":"Ferienhaus in Ouddorp aan Zee","description":"Komfortables und modern eingerichtet Ferienhaus f\u00fcr 6 Personen direkt an der holl\u00e4ndischen Nordseek\u00fcste.","robots":{"index":"noindex","follow":"nofollow"},"og_locale":"nl_NL","og_type":"article","og_title":"Ferienhaus in Ouddorp aan Zee","og_description":"Komfortables und modern eingerichtet Ferienhaus f\u00fcr 6 Personen direkt an der holl\u00e4ndischen Nordseek\u00fcste.","og_url":"http:\/\/ouddorp-aan-zee.com\/gaestebuch\/","og_site_name":"ouddorp-aan-zee.com","article_modified_time":"2023-11-19T14:17:23+00:00","twitter_card":"summary_large_image","twitter_misc":{"Geschatte leestijd":"14 minuten"},"schema":{"@context":"https:\/\/schema.org","@graph":[{"@type":"WebPage","@id":"http:\/\/ouddorp-aan-zee.com\/gaestebuch\/","url":"http:\/\/ouddorp-aan-zee.com\/gaestebuch\/","name":"Ferienhaus in Ouddorp aan Zee","isPartOf":{"@id":"http:\/\/ouddorp-aan-zee.com\/en\/#website"},"datePublished":"2019-10-12T15:32:25+00:00","dateModified":"2023-11-19T14:17:23+00:00","description":"Komfortables und modern eingerichtet Ferienhaus f\u00fcr 6 Personen direkt an der holl\u00e4ndischen Nordseek\u00fcste.","breadcrumb":{"@id":"http:\/\/ouddorp-aan-zee.com\/gaestebuch\/#breadcrumb"},"inLanguage":"nl","potentialAction":[{"@type":"ReadAction","target":["http:\/\/ouddorp-aan-zee.com\/gaestebuch\/"]}]},{"@type":"BreadcrumbList","@id":"http:\/\/ouddorp-aan-zee.com\/gaestebuch\/#breadcrumb","itemListElement":[{"@type":"ListItem","position":1,"name":"Startseite","item":"http:\/\/ouddorp-aan-zee.com\/en\/"},{"@type":"ListItem","position":2,"name":"G\u00e4stebuch"}]},{"@type":"WebSite","@id":"http:\/\/ouddorp-aan-zee.com\/en\/#website","url":"http:\/\/ouddorp-aan-zee.com\/en\/","name":"ouddorp-aan-zee.com","description":"Noordzeepark - Zuiderdiep 34","potentialAction":[{"@type":"SearchAction","target":{"@type":"EntryPoint","urlTemplate":"http:\/\/ouddorp-aan-zee.com\/en\/?s={search_term_string}"},"query-input":"required name=search_term_string"}],"inLanguage":"nl"}]}},"_links":{"self":[{"href":"http:\/\/ouddorp-aan-zee.com\/nl\/wp-json\/wp\/v2\/pages\/1150"}],"collection":[{"href":"http:\/\/ouddorp-aan-zee.com\/nl\/wp-json\/wp\/v2\/pages"}],"about":[{"href":"http:\/\/ouddorp-aan-zee.com\/nl\/wp-json\/wp\/v2\/types\/page"}],"author":[{"embeddable":true,"href":"http:\/\/ouddorp-aan-zee.com\/nl\/wp-json\/wp\/v2\/users\/1"}],"replies":[{"embeddable":true,"href":"http:\/\/ouddorp-aan-zee.com\/nl\/wp-json\/wp\/v2\/comments?post=1150"}],"version-history":[{"count":10,"href":"http:\/\/ouddorp-aan-zee.com\/nl\/wp-json\/wp\/v2\/pages\/1150\/revisions"}],"predecessor-version":[{"id":1885,"href":"http:\/\/ouddorp-aan-zee.com\/nl\/wp-json\/wp\/v2\/pages\/1150\/revisions\/1885"}],"wp:attachment":[{"href":"http:\/\/ouddorp-aan-zee.com\/nl\/wp-json\/wp\/v2\/media?parent=1150"}],"curies":[{"name":"wp","href":"https:\/\/api.w.org\/{rel}","templated":true}]}}