{"id":8,"date":"2017-03-05T13:20:55","date_gmt":"2017-03-05T12:20:55","guid":{"rendered":"http:\/\/ouddorp-aan-zee.com\/wordpress\/?page_id=8"},"modified":"2025-06-19T21:17:20","modified_gmt":"2025-06-19T19:17:20","slug":"einrichtung","status":"publish","type":"page","link":"http:\/\/ouddorp-aan-zee.com\/en\/einrichtung\/","title":{"rendered":"Facilities"},"content":{"rendered":"<h3>Living room<\/h3>\n<ul>\n<li>corner couch<\/li>\n<li>HD flat-screen TV with cable (NL) and satellite connection (D)<\/li>\n<li>DVD player<\/li>\n<li>stereo (USB, Bluetooth)<\/li>\n<li>free WiFi<\/li>\n<\/ul>\n<h3>Kitchen<\/h3>\n<ul>\n<li>gas cooker with extractor hood<\/li>\n<li>electric oven<\/li>\n<li>dishwasher<\/li>\n<li>microwave<\/li>\n<li>refrigerator with freezer<\/li>\n<li>water heater<\/li>\n<li>filter coffee machine and Senseo coffee machine<\/li>\n<li>toaster<\/li>\n<li>egg cooker<\/li>\n<\/ul>\n<h3>Sanitary installations<\/h3>\n<ul>\n<li>bathroom with shower cubicle and washing table<\/li>\n<li>2 separate toilets<\/li>\n<\/ul>\n<h3>Bedroom 1<\/h3>\n<ul>\n<li>double bed 180 \u00d7 200 cm with pillows and blankets<\/li>\n<li>wardrobe<\/li>\n<li>washstand<\/li>\n<li>HD flat-screen TV with cable (NL) and satellite connection (D)<\/li>\n<\/ul>\n<h3>Bedroom 2<\/h3>\n<ul>\n<li>two single beds 90 x 200 cm with pillow and blanket<\/li>\n<li>wardrobe and chest of drawers<\/li>\n<\/ul>\n<h3>Bedroom 3<\/h3>\n<ul>\n<li>two single beds 90 x 200 cm with pillow and blanket<\/li>\n<li>chest of drawers<\/li>\n<\/ul>\n<h3>Garden<\/h3>\n<ul>\n<li>approx. 280 m\u00b2 of land<\/li>\n<li>2 terraces<\/li>\n<li>garden furniture with seat covers<\/li>\n<li>garden shed for bicycles<\/li>\n<\/ul>\n<h3>Others<\/h3>\n<ul>\n<li>washing machine and clotheshorse<\/li>\n<li>dryer<\/li>\n<li>hairdryer<\/li>\n<li>children&#8217;s chair<\/li>\n<li>iron and ironing board<\/li>\n<li>gas central heating<\/li>\n<li>2 parking spaces<\/li>\n<\/ul>","protected":false},"excerpt":{"rendered":"<p>Living room corner couch HD flat-screen TV with cable (NL) and satellite connection (D) DVD player stereo (USB, Bluetooth) free WiFi Kitchen gas cooker with extractor hood electric oven dishwasher <a class=\"more-link\" href=\"http:\/\/ouddorp-aan-zee.com\/en\/einrichtung\/\">Continue Reading \u2192<\/a><\/p>\n","protected":false},"author":1,"featured_media":0,"parent":0,"menu_order":0,"comment_status":"closed","ping_status":"closed","template":"","meta":[],"yoast_head":"<!-- This site is optimized with the Yoast SEO plugin v19.9 - https:\/\/yoast.com\/wordpress\/plugins\/seo\/ -->\n<title>(Deutsch) Ferienhaus in Ouddorp aan Zee<\/title>\n<meta name=\"description\" content=\"Komfortables und modern eingerichtet Ferienhaus f\u00fcr 6 Personen direkt an der holl\u00e4ndischen Nordseek\u00fcste.\" \/>\n<meta name=\"robots\" content=\"index, follow, max-snippet:-1, max-image-preview:large, max-video-preview:-1\" \/>\n<link rel=\"canonical\" href=\"http:\/\/ouddorp-aan-zee.com\/einrichtung\/\" \/>\n<meta property=\"og:locale\" content=\"en_US\" \/>\n<meta property=\"og:type\" content=\"article\" \/>\n<meta property=\"og:title\" content=\"[:de]Ferienhaus in Ouddorp aan Zee[:]\" \/>\n<meta property=\"og:description\" content=\"Komfortables und modern eingerichtet Ferienhaus f\u00fcr 6 Personen direkt an der holl\u00e4ndischen Nordseek\u00fcste.\" \/>\n<meta property=\"og:url\" content=\"http:\/\/ouddorp-aan-zee.com\/einrichtung\/\" \/>\n<meta property=\"og:site_name\" content=\"ouddorp-aan-zee.com\" \/>\n<meta property=\"article:modified_time\" content=\"2025-06-19T19:17:20+00:00\" \/>\n<meta name=\"twitter:card\" content=\"summary_large_image\" \/>\n<meta name=\"twitter:label1\" content=\"Est. reading time\" \/>\n\t<meta name=\"twitter:data1\" content=\"1 minute\" \/>\n<script type=\"application\/ld+json\" class=\"yoast-schema-graph\">{\"@context\":\"https:\/\/schema.org\",\"@graph\":[{\"@type\":\"WebPage\",\"@id\":\"http:\/\/ouddorp-aan-zee.com\/einrichtung\/\",\"url\":\"http:\/\/ouddorp-aan-zee.com\/einrichtung\/\",\"name\":\"[:de]Ferienhaus in Ouddorp aan Zee[:]\",\"isPartOf\":{\"@id\":\"http:\/\/ouddorp-aan-zee.com\/en\/#website\"},\"datePublished\":\"2017-03-05T12:20:55+00:00\",\"dateModified\":\"2025-06-19T19:17:20+00:00\",\"description\":\"Komfortables und modern eingerichtet Ferienhaus f\u00fcr 6 Personen direkt an der holl\u00e4ndischen Nordseek\u00fcste.\",\"breadcrumb\":{\"@id\":\"http:\/\/ouddorp-aan-zee.com\/einrichtung\/#breadcrumb\"},\"inLanguage\":\"en-US\",\"potentialAction\":[{\"@type\":\"ReadAction\",\"target\":[\"http:\/\/ouddorp-aan-zee.com\/einrichtung\/\"]}]},{\"@type\":\"BreadcrumbList\",\"@id\":\"http:\/\/ouddorp-aan-zee.com\/einrichtung\/#breadcrumb\",\"itemListElement\":[{\"@type\":\"ListItem\",\"position\":1,\"name\":\"Startseite\",\"item\":\"http:\/\/ouddorp-aan-zee.com\/en\/\"},{\"@type\":\"ListItem\",\"position\":2,\"name\":\"Einrichtung\"}]},{\"@type\":\"WebSite\",\"@id\":\"http:\/\/ouddorp-aan-zee.com\/en\/#website\",\"url\":\"http:\/\/ouddorp-aan-zee.com\/en\/\",\"name\":\"ouddorp-aan-zee.com\",\"description\":\"Noordzeepark - Zuiderdiep 34\",\"potentialAction\":[{\"@type\":\"SearchAction\",\"target\":{\"@type\":\"EntryPoint\",\"urlTemplate\":\"http:\/\/ouddorp-aan-zee.com\/en\/?s={search_term_string}\"},\"query-input\":\"required name=search_term_string\"}],\"inLanguage\":\"en-US\"}]}<\/script>\n<!-- \/ Yoast SEO plugin. -->","yoast_head_json":{"title":"(Deutsch) Ferienhaus in Ouddorp aan Zee","description":"Komfortables und modern eingerichtet Ferienhaus f\u00fcr 6 Personen direkt an der holl\u00e4ndischen Nordseek\u00fcste.","robots":{"index":"index","follow":"follow","max-snippet":"max-snippet:-1","max-image-preview":"max-image-preview:large","max-video-preview":"max-video-preview:-1"},"canonical":"http:\/\/ouddorp-aan-zee.com\/einrichtung\/","og_locale":"en_US","og_type":"article","og_title":"[:de]Ferienhaus in Ouddorp aan Zee[:]","og_description":"Komfortables und modern eingerichtet Ferienhaus f\u00fcr 6 Personen direkt an der holl\u00e4ndischen Nordseek\u00fcste.","og_url":"http:\/\/ouddorp-aan-zee.com\/einrichtung\/","og_site_name":"ouddorp-aan-zee.com","article_modified_time":"2025-06-19T19:17:20+00:00","twitter_card":"summary_large_image","twitter_misc":{"Est. reading time":"1 minute"},"schema":{"@context":"https:\/\/schema.org","@graph":[{"@type":"WebPage","@id":"http:\/\/ouddorp-aan-zee.com\/einrichtung\/","url":"http:\/\/ouddorp-aan-zee.com\/einrichtung\/","name":"[:de]Ferienhaus in Ouddorp aan Zee[:]","isPartOf":{"@id":"http:\/\/ouddorp-aan-zee.com\/en\/#website"},"datePublished":"2017-03-05T12:20:55+00:00","dateModified":"2025-06-19T19:17:20+00:00","description":"Komfortables und modern eingerichtet Ferienhaus f\u00fcr 6 Personen direkt an der holl\u00e4ndischen Nordseek\u00fcste.","breadcrumb":{"@id":"http:\/\/ouddorp-aan-zee.com\/einrichtung\/#breadcrumb"},"inLanguage":"en-US","potentialAction":[{"@type":"ReadAction","target":["http:\/\/ouddorp-aan-zee.com\/einrichtung\/"]}]},{"@type":"BreadcrumbList","@id":"http:\/\/ouddorp-aan-zee.com\/einrichtung\/#breadcrumb","itemListElement":[{"@type":"ListItem","position":1,"name":"Startseite","item":"http:\/\/ouddorp-aan-zee.com\/en\/"},{"@type":"ListItem","position":2,"name":"Einrichtung"}]},{"@type":"WebSite","@id":"http:\/\/ouddorp-aan-zee.com\/en\/#website","url":"http:\/\/ouddorp-aan-zee.com\/en\/","name":"ouddorp-aan-zee.com","description":"Noordzeepark - Zuiderdiep 34","potentialAction":[{"@type":"SearchAction","target":{"@type":"EntryPoint","urlTemplate":"http:\/\/ouddorp-aan-zee.com\/en\/?s={search_term_string}"},"query-input":"required name=search_term_string"}],"inLanguage":"en-US"}]}},"_links":{"self":[{"href":"http:\/\/ouddorp-aan-zee.com\/en\/wp-json\/wp\/v2\/pages\/8"}],"collection":[{"href":"http:\/\/ouddorp-aan-zee.com\/en\/wp-json\/wp\/v2\/pages"}],"about":[{"href":"http:\/\/ouddorp-aan-zee.com\/en\/wp-json\/wp\/v2\/types\/page"}],"author":[{"embeddable":true,"href":"http:\/\/ouddorp-aan-zee.com\/en\/wp-json\/wp\/v2\/users\/1"}],"replies":[{"embeddable":true,"href":"http:\/\/ouddorp-aan-zee.com\/en\/wp-json\/wp\/v2\/comments?post=8"}],"version-history":[{"count":10,"href":"http:\/\/ouddorp-aan-zee.com\/en\/wp-json\/wp\/v2\/pages\/8\/revisions"}],"predecessor-version":[{"id":1924,"href":"http:\/\/ouddorp-aan-zee.com\/en\/wp-json\/wp\/v2\/pages\/8\/revisions\/1924"}],"wp:attachment":[{"href":"http:\/\/ouddorp-aan-zee.com\/en\/wp-json\/wp\/v2\/media?parent=8"}],"curies":[{"name":"wp","href":"https:\/\/api.w.org\/{rel}","templated":true}]}}