{"id":1468,"date":"2020-01-03T17:32:03","date_gmt":"2020-01-03T16:32:03","guid":{"rendered":"http:\/\/ouddorp-aan-zee.com\/?page_id=1468"},"modified":"2025-06-19T21:06:03","modified_gmt":"2025-06-19T19:06:03","slug":"umgebung","status":"publish","type":"page","link":"http:\/\/ouddorp-aan-zee.com\/en\/umgebung\/","title":{"rendered":"Activities in Ouddorp"},"content":{"rendered":"<div class=\"su-box su-box-style-default\" id=\"\" style=\"border-color:#cccccc;border-radius:0px;\"><div class=\"su-box-title\" style=\"background-color:#ffffff;color:#222222;border-top-left-radius:0px;border-top-right-radius:0px\">Events and activities<\/div><div class=\"su-box-content su-u-clearfix su-u-trim\" style=\"border-bottom-left-radius:0px;border-bottom-right-radius:0px\">\n<p><a href=\"http:\/\/www.ouddorp.nl\" target=\"_blank\" rel=\"noopener noreferrer\"><img loading=\"lazy\" class=\"size-large wp-image-1025 alignleft\" src=\"http:\/\/ouddorp-aan-zee.com\/wp-content\/uploads\/2019\/05\/a-5-1024x768.jpg\" alt=\"\" width=\"200\" height=\"auto\" srcset=\"http:\/\/ouddorp-aan-zee.com\/wp-content\/uploads\/2019\/05\/a-5.jpg 1024w, http:\/\/ouddorp-aan-zee.com\/wp-content\/uploads\/2019\/05\/a-5-300x225.jpg 300w, http:\/\/ouddorp-aan-zee.com\/wp-content\/uploads\/2019\/05\/a-5-768x576.jpg 768w\" sizes=\"(max-width: 1024px) 100vw, 1024px\" \/><\/a><br \/>\n<a href=\"http:\/\/www.ouddorp.nl\" target=\"_blank\" rel=\"noopener noreferrer\">www.ouddorp.nl<\/a><br \/>\n<a href=\"http:\/\/www.vvvgoeree-overflakkee.nl\/en\" target=\"_blank\" rel=\"noopener noreferrer\">www.vvvgoeree-overflakkee.nl\/en<\/a><\/p>\n<\/div><\/div>\n<div class=\"su-box su-box-style-default\" id=\"\" style=\"border-color:#cccccc;border-radius:0px;\"><div class=\"su-box-title\" style=\"background-color:#ffffff;color:#222222;border-top-left-radius:0px;border-top-right-radius:0px\">Beach<\/div><div class=\"su-box-content su-u-clearfix su-u-trim\" style=\"border-bottom-left-radius:0px;border-bottom-right-radius:0px\">\n<p><img loading=\"lazy\" class=\"size-full wp-image-1297 alignleft\" src=\"http:\/\/ouddorp-aan-zee.com\/wp-content\/uploads\/2019\/10\/Strand.jpg\" alt=\"\" width=\"200\" height=\"auto\" srcset=\"http:\/\/ouddorp-aan-zee.com\/wp-content\/uploads\/2019\/10\/Strand.jpg 800w, http:\/\/ouddorp-aan-zee.com\/wp-content\/uploads\/2019\/10\/Strand-300x225.jpg 300w, http:\/\/ouddorp-aan-zee.com\/wp-content\/uploads\/2019\/10\/Strand-768x576.jpg 768w\" sizes=\"(max-width: 800px) 100vw, 800px\" \/><\/p>\n<\/div><\/div>\n<div class=\"su-box su-box-style-default\" id=\"\" style=\"border-color:#cccccc;border-radius:0px;\"><div class=\"su-box-title\" style=\"background-color:#ffffff;color:#222222;border-top-left-radius:0px;border-top-right-radius:0px\">Cycling<\/div><div class=\"su-box-content su-u-clearfix su-u-trim\" style=\"border-bottom-left-radius:0px;border-bottom-right-radius:0px\">\n<p><img loading=\"lazy\" class=\"size-full wp-image-1293 alignleft\" src=\"http:\/\/ouddorp-aan-zee.com\/wp-content\/uploads\/2019\/10\/Fahrrad.jpg\" alt=\"\" width=\"200\" height=\"auto\" srcset=\"http:\/\/ouddorp-aan-zee.com\/wp-content\/uploads\/2019\/10\/Fahrrad.jpg 800w, http:\/\/ouddorp-aan-zee.com\/wp-content\/uploads\/2019\/10\/Fahrrad-300x225.jpg 300w, http:\/\/ouddorp-aan-zee.com\/wp-content\/uploads\/2019\/10\/Fahrrad-768x576.jpg 768w\" sizes=\"(max-width: 800px) 100vw, 800px\" \/><br \/>\nRoute planning <a style=\"font-size: 16px;\" href=\"http:\/\/www.route.nl\/routeplanner\" target=\"_blank\" rel=\"noopener noreferrer\">www.route.nl\/routeplanner<\/a><\/p>\n<\/div><\/div>\n<div class=\"su-box su-box-style-default\" id=\"\" style=\"border-color:#cccccc;border-radius:0px;\"><div class=\"su-box-title\" style=\"background-color:#ffffff;color:#222222;border-top-left-radius:0px;border-top-right-radius:0px\">Swimming pools<\/div><div class=\"su-box-content su-u-clearfix su-u-trim\" style=\"border-bottom-left-radius:0px;border-bottom-right-radius:0px\">\n<p><img loading=\"lazy\" class=\"size-full wp-image-1303 alignleft\" src=\"http:\/\/ouddorp-aan-zee.com\/wp-content\/uploads\/2019\/10\/Schwimmbad.jpg\" alt=\"\" width=\"200\" height=\"auto\" srcset=\"http:\/\/ouddorp-aan-zee.com\/wp-content\/uploads\/2019\/10\/Schwimmbad.jpg 800w, http:\/\/ouddorp-aan-zee.com\/wp-content\/uploads\/2019\/10\/Schwimmbad-300x225.jpg 300w, http:\/\/ouddorp-aan-zee.com\/wp-content\/uploads\/2019\/10\/Schwimmbad-768x576.jpg 768w\" sizes=\"(max-width: 800px) 100vw, 800px\" \/><\/p>\n<ul>\n<li>\u201e\u2019t Zuiderdiep\u201c in Stellendam <a href=\"http:\/\/www.zuiderdiep.nl\" target=\"_blank\" rel=\"noopener noreferrer\">www.zuiderdiep.nl<\/a><\/li>\n<li>\u201eDe Gooye\u201c in Dirksland <a href=\"http:\/\/www.degooye.nl\" target=\"_blank\" rel=\"noopener noreferrer\">www.degooye.nl<\/a><\/li>\n<li>\u201eDe Staver\u201c in Middelharnis <a href=\"http:\/\/www.destaver.nl\" target=\"_blank\" rel=\"noopener noreferrer\">www.destaver.nl<\/a><\/li>\n<\/ul>\n<\/div><\/div>\n<div class=\"su-box su-box-style-default\" id=\"\" style=\"border-color:#cccccc;border-radius:0px;\"><div class=\"su-box-title\" style=\"background-color:#ffffff;color:#222222;border-top-left-radius:0px;border-top-right-radius:0px\">Goat farm \u201cDe M\u00e8kkerstee\u201d<\/div><div class=\"su-box-content su-u-clearfix su-u-trim\" style=\"border-bottom-left-radius:0px;border-bottom-right-radius:0px\">\n<p><img loading=\"lazy\" class=\"size-full wp-image-1307 alignleft\" src=\"http:\/\/ouddorp-aan-zee.com\/wp-content\/uploads\/2019\/10\/Ziege.jpg\" alt=\"\" width=\"200\" height=\"auto\" srcset=\"http:\/\/ouddorp-aan-zee.com\/wp-content\/uploads\/2019\/10\/Ziege.jpg 800w, http:\/\/ouddorp-aan-zee.com\/wp-content\/uploads\/2019\/10\/Ziege-300x225.jpg 300w, http:\/\/ouddorp-aan-zee.com\/wp-content\/uploads\/2019\/10\/Ziege-768x576.jpg 768w\" sizes=\"(max-width: 800px) 100vw, 800px\" \/><br \/>\n<a href=\"https:\/\/www.demekkerstee.nl\/en\/\" target=\"_blank\" rel=\"noopener noreferrer\">www.demekkerstee.nl\/en<\/a><\/p>\n<\/div><\/div>\n<div class=\"su-box su-box-style-default\" id=\"\" style=\"border-color:#cccccc;border-radius:0px;\"><div class=\"su-box-title\" style=\"background-color:#ffffff;color:#222222;border-top-left-radius:0px;border-top-right-radius:0px\">Playground \u201cDe Flipjes\u201d<\/div><div class=\"su-box-content su-u-clearfix su-u-trim\" style=\"border-bottom-left-radius:0px;border-bottom-right-radius:0px\">\n<p><img loading=\"lazy\" class=\"size-full wp-image-1311 alignleft\" src=\"http:\/\/ouddorp-aan-zee.com\/wp-content\/uploads\/2019\/10\/Spielplatz.jpg\" alt=\"\" width=\"200\" height=\"auto\" srcset=\"http:\/\/ouddorp-aan-zee.com\/wp-content\/uploads\/2019\/10\/Spielplatz.jpg 800w, http:\/\/ouddorp-aan-zee.com\/wp-content\/uploads\/2019\/10\/Spielplatz-300x225.jpg 300w, http:\/\/ouddorp-aan-zee.com\/wp-content\/uploads\/2019\/10\/Spielplatz-768x576.jpg 768w\" sizes=\"(max-width: 800px) 100vw, 800px\" \/><br \/>\n<a href=\"http:\/\/www.speeltuindeflipjes.nl\" target=\"_blank\" rel=\"noopener noreferrer\">www.speeltuindeflipjes.nl<\/a><\/p>\n<\/div><\/div>\n<div class=\"su-box su-box-style-default\" id=\"\" style=\"border-color:#cccccc;border-radius:0px;\"><div class=\"su-box-title\" style=\"background-color:#ffffff;color:#222222;border-top-left-radius:0px;border-top-right-radius:0px\">Water sports<\/div><div class=\"su-box-content su-u-clearfix su-u-trim\" style=\"border-bottom-left-radius:0px;border-bottom-right-radius:0px\">\n<p><img loading=\"lazy\" class=\"size-full wp-image-1321 alignleft\" src=\"http:\/\/ouddorp-aan-zee.com\/wp-content\/uploads\/2019\/10\/Wassersport.jpg\" alt=\"\" width=\"200\" height=\"auto\" srcset=\"http:\/\/ouddorp-aan-zee.com\/wp-content\/uploads\/2019\/10\/Wassersport.jpg 800w, http:\/\/ouddorp-aan-zee.com\/wp-content\/uploads\/2019\/10\/Wassersport-300x225.jpg 300w, http:\/\/ouddorp-aan-zee.com\/wp-content\/uploads\/2019\/10\/Wassersport-768x576.jpg 768w\" sizes=\"(max-width: 800px) 100vw, 800px\" \/><\/p>\n<ul>\n<li>Waterjump and water sports <a href=\"http:\/\/www.brouwersdam.nl\" target=\"_blank\" rel=\"noopener noreferrer\">www.brouwersdam.nl<\/a><\/li>\n<li>Diving in Grevelingenmeer<\/li>\n<li>Sailing and surfing: North\u00a0Sea, Grevelingenmeer, Haringvliet and Krammer\/Volkerak<\/li>\n<li>Sport fishing<\/li>\n<\/ul>\n<\/div><\/div>\n<div class=\"su-box su-box-style-default\" id=\"\" style=\"border-color:#cccccc;border-radius:0px;\"><div class=\"su-box-title\" style=\"background-color:#ffffff;color:#222222;border-top-left-radius:0px;border-top-right-radius:0px\">Tower museum Goedereede<\/div><div class=\"su-box-content su-u-clearfix su-u-trim\" style=\"border-bottom-left-radius:0px;border-bottom-right-radius:0px\">\n<p><img loading=\"lazy\" class=\"size-full wp-image-1330 alignleft\" src=\"http:\/\/ouddorp-aan-zee.com\/wp-content\/uploads\/2019\/10\/Torenmuseum.jpg\" alt=\"\" width=\"200\" height=\"auto\" srcset=\"http:\/\/ouddorp-aan-zee.com\/wp-content\/uploads\/2019\/10\/Torenmuseum.jpg 800w, http:\/\/ouddorp-aan-zee.com\/wp-content\/uploads\/2019\/10\/Torenmuseum-300x225.jpg 300w, http:\/\/ouddorp-aan-zee.com\/wp-content\/uploads\/2019\/10\/Torenmuseum-768x576.jpg 768w\" sizes=\"(max-width: 800px) 100vw, 800px\" \/><br \/>\n<a href=\"http:\/\/www.torenmuseum.nl\" target=\"_blank\" rel=\"noopener noreferrer\">www.torenmuseum.nl<\/a><\/p>\n<\/div><\/div>\n<div class=\"su-box su-box-style-default\" id=\"\" style=\"border-color:#cccccc;border-radius:0px;\"><div class=\"su-box-title\" style=\"background-color:#ffffff;color:#222222;border-top-left-radius:0px;border-top-right-radius:0px\">Bunker route \u201cDe Punt\u201d<\/div><div class=\"su-box-content su-u-clearfix su-u-trim\" style=\"border-bottom-left-radius:0px;border-bottom-right-radius:0px\">\n<p><img loading=\"lazy\" class=\"size-full wp-image-1323 alignleft\" src=\"http:\/\/ouddorp-aan-zee.com\/wp-content\/uploads\/2019\/10\/Bunker.jpg\" alt=\"\" width=\"200\" height=\"auto\" srcset=\"http:\/\/ouddorp-aan-zee.com\/wp-content\/uploads\/2019\/10\/Bunker.jpg 400w, http:\/\/ouddorp-aan-zee.com\/wp-content\/uploads\/2019\/10\/Bunker-300x225.jpg 300w\" sizes=\"(max-width: 400px) 100vw, 400px\" \/><br \/>\n<a href=\"http:\/\/www.visitgo.nl\/nl\/doe\/eilandhistorie\/bunkerroute-ouddorp\" target=\"_blank\" rel=\"noopener noreferrer\">www.visitgo.nl\/nl\/doe\/eilandhistorie\/bunkerroute-ouddorp<\/a><\/p>\n<\/div><\/div>\n<div class=\"su-box su-box-style-default\" id=\"\" style=\"border-color:#cccccc;border-radius:0px;\"><div class=\"su-box-title\" style=\"background-color:#ffffff;color:#222222;border-top-left-radius:0px;border-top-right-radius:0px\">Museum train \u201cRTM\u201d<\/div><div class=\"su-box-content su-u-clearfix su-u-trim\" style=\"border-bottom-left-radius:0px;border-bottom-right-radius:0px\">\n<p><img loading=\"lazy\" class=\"size-full wp-image-1325 alignleft\" src=\"http:\/\/ouddorp-aan-zee.com\/wp-content\/uploads\/2019\/10\/gleise.jpg\" alt=\"\" width=\"200\" height=\"auto\" srcset=\"http:\/\/ouddorp-aan-zee.com\/wp-content\/uploads\/2019\/10\/gleise.jpg 800w, http:\/\/ouddorp-aan-zee.com\/wp-content\/uploads\/2019\/10\/gleise-300x225.jpg 300w, http:\/\/ouddorp-aan-zee.com\/wp-content\/uploads\/2019\/10\/gleise-768x576.jpg 768w\" sizes=\"(max-width: 800px) 100vw, 800px\" \/><br \/>\n<a href=\"http:\/\/www.rtm-ouddorp.nl\" target=\"_blank\" rel=\"noopener noreferrer\">www.rtm-ouddorp.nl<\/a><\/p>\n<\/div><\/div>\n<div class=\"su-box su-box-style-default\" id=\"\" style=\"border-color:#cccccc;border-radius:0px;\"><div class=\"su-box-title\" style=\"background-color:#ffffff;color:#222222;border-top-left-radius:0px;border-top-right-radius:0px\">Seal centre Stellendam \u201cAseal\u201d<\/div><div class=\"su-box-content su-u-clearfix su-u-trim\" style=\"border-bottom-left-radius:0px;border-bottom-right-radius:0px\">\n<p><img loading=\"lazy\" class=\"size-full wp-image-1324 alignleft\" src=\"http:\/\/ouddorp-aan-zee.com\/wp-content\/uploads\/2019\/10\/Seehund.jpg\" alt=\"\" width=\"200\" height=\"auto\" srcset=\"http:\/\/ouddorp-aan-zee.com\/wp-content\/uploads\/2019\/10\/Seehund.jpg 800w, http:\/\/ouddorp-aan-zee.com\/wp-content\/uploads\/2019\/10\/Seehund-300x225.jpg 300w, http:\/\/ouddorp-aan-zee.com\/wp-content\/uploads\/2019\/10\/Seehund-768x576.jpg 768w\" sizes=\"(max-width: 800px) 100vw, 800px\" \/><br \/>\n<a href=\"http:\/\/www.aseal.nl\" target=\"_blank\" rel=\"noopener noreferrer\">www.aseal.nl<\/a><\/p>\n<\/div><\/div>\n<div class=\"su-box su-box-style-default\" id=\"\" style=\"border-color:#cccccc;border-radius:0px;\"><div class=\"su-box-title\" style=\"background-color:#ffffff;color:#222222;border-top-left-radius:0px;border-top-right-radius:0px\">Brouwersdam<\/div><div class=\"su-box-content su-u-clearfix su-u-trim\" style=\"border-bottom-left-radius:0px;border-bottom-right-radius:0px\">\n<p><img loading=\"lazy\" class=\"size-full wp-image-1326 alignleft\" src=\"http:\/\/ouddorp-aan-zee.com\/wp-content\/uploads\/2019\/10\/Brouwersdam.jpg\" alt=\"\" width=\"200\" height=\"auto\" srcset=\"http:\/\/ouddorp-aan-zee.com\/wp-content\/uploads\/2019\/10\/Brouwersdam.jpg 800w, http:\/\/ouddorp-aan-zee.com\/wp-content\/uploads\/2019\/10\/Brouwersdam-300x225.jpg 300w, http:\/\/ouddorp-aan-zee.com\/wp-content\/uploads\/2019\/10\/Brouwersdam-768x576.jpg 768w\" sizes=\"(max-width: 800px) 100vw, 800px\" \/><\/p>\n<ul>\n<li>Waterjump and water sports <a href=\"http:\/\/www.brouwersdam.nl\" target=\"_blank\" rel=\"noopener noreferrer\">www.brouwersdam.nl<\/a><\/li>\n<\/ul>\n<\/div><\/div>\n<div class=\"su-box su-box-style-default\" id=\"\" style=\"border-color:#cccccc;border-radius:0px;\"><div class=\"su-box-title\" style=\"background-color:#ffffff;color:#222222;border-top-left-radius:0px;border-top-right-radius:0px\">Delta works<\/div><div class=\"su-box-content su-u-clearfix su-u-trim\" style=\"border-bottom-left-radius:0px;border-bottom-right-radius:0px\">\n<p><img loading=\"lazy\" class=\"size-full wp-image-1327 alignleft\" src=\"http:\/\/ouddorp-aan-zee.com\/wp-content\/uploads\/2019\/10\/Deltawerke_01.jpg\" alt=\"\" width=\"200\" height=\"auto\" srcset=\"http:\/\/ouddorp-aan-zee.com\/wp-content\/uploads\/2019\/10\/Deltawerke_01.jpg 800w, http:\/\/ouddorp-aan-zee.com\/wp-content\/uploads\/2019\/10\/Deltawerke_01-300x225.jpg 300w, http:\/\/ouddorp-aan-zee.com\/wp-content\/uploads\/2019\/10\/Deltawerke_01-768x576.jpg 768w\" sizes=\"(max-width: 800px) 100vw, 800px\" \/><br \/>\n<a href=\"http:\/\/www.holland.com\/global\/tourism\/destinations\/provinces\/zeeland\/delta-works.htm\" target=\"_blank\" rel=\"noopener noreferrer\">www.holland.com\/global\/tourism\/destinations\/provinces\/zeeland\/delta-works.htm<\/a><\/p>\n<\/div><\/div>","protected":false},"excerpt":{"rendered":"","protected":false},"author":1,"featured_media":0,"parent":0,"menu_order":0,"comment_status":"closed","ping_status":"closed","template":"","meta":[],"yoast_head":"<!-- This site is optimized with the Yoast SEO plugin v19.9 - https:\/\/yoast.com\/wordpress\/plugins\/seo\/ -->\n<title>Ferienhaus in Ouddorp aan Zee<\/title>\n<meta name=\"description\" content=\"Komfortables und modern eingerichtet Ferienhaus f\u00fcr 6 Personen direkt an der holl\u00e4ndischen Nordseek\u00fcste.\" \/>\n<meta name=\"robots\" content=\"noindex, nofollow\" \/>\n<meta property=\"og:locale\" content=\"en_US\" \/>\n<meta property=\"og:type\" content=\"article\" \/>\n<meta property=\"og:title\" content=\"Ferienhaus in Ouddorp aan Zee\" \/>\n<meta property=\"og:description\" content=\"Komfortables und modern eingerichtet Ferienhaus f\u00fcr 6 Personen direkt an der holl\u00e4ndischen Nordseek\u00fcste.\" \/>\n<meta property=\"og:url\" content=\"http:\/\/ouddorp-aan-zee.com\/umgebung\/\" \/>\n<meta property=\"og:site_name\" content=\"ouddorp-aan-zee.com\" \/>\n<meta property=\"article:modified_time\" content=\"2025-06-19T19:06:03+00:00\" \/>\n<meta property=\"og:image\" content=\"http:\/\/ouddorp-aan-zee.com\/wp-content\/uploads\/2019\/05\/a-5-1024x768.jpg\" \/>\n<meta name=\"twitter:card\" content=\"summary_large_image\" \/>\n<meta name=\"twitter:label1\" content=\"Est. reading time\" \/>\n\t<meta name=\"twitter:data1\" content=\"4 minutes\" \/>\n<script type=\"application\/ld+json\" class=\"yoast-schema-graph\">{\"@context\":\"https:\/\/schema.org\",\"@graph\":[{\"@type\":\"WebPage\",\"@id\":\"http:\/\/ouddorp-aan-zee.com\/umgebung\/\",\"url\":\"http:\/\/ouddorp-aan-zee.com\/umgebung\/\",\"name\":\"Ferienhaus in Ouddorp aan Zee\",\"isPartOf\":{\"@id\":\"http:\/\/ouddorp-aan-zee.com\/en\/#website\"},\"datePublished\":\"2020-01-03T16:32:03+00:00\",\"dateModified\":\"2025-06-19T19:06:03+00:00\",\"description\":\"Komfortables und modern eingerichtet Ferienhaus f\u00fcr 6 Personen direkt an der holl\u00e4ndischen Nordseek\u00fcste.\",\"breadcrumb\":{\"@id\":\"http:\/\/ouddorp-aan-zee.com\/umgebung\/#breadcrumb\"},\"inLanguage\":\"en-US\",\"potentialAction\":[{\"@type\":\"ReadAction\",\"target\":[\"http:\/\/ouddorp-aan-zee.com\/umgebung\/\"]}]},{\"@type\":\"BreadcrumbList\",\"@id\":\"http:\/\/ouddorp-aan-zee.com\/umgebung\/#breadcrumb\",\"itemListElement\":[{\"@type\":\"ListItem\",\"position\":1,\"name\":\"Startseite\",\"item\":\"http:\/\/ouddorp-aan-zee.com\/en\/\"},{\"@type\":\"ListItem\",\"position\":2,\"name\":\"Aktivit\u00e4ten in Ouddorp\"}]},{\"@type\":\"WebSite\",\"@id\":\"http:\/\/ouddorp-aan-zee.com\/en\/#website\",\"url\":\"http:\/\/ouddorp-aan-zee.com\/en\/\",\"name\":\"ouddorp-aan-zee.com\",\"description\":\"Noordzeepark - Zuiderdiep 34\",\"potentialAction\":[{\"@type\":\"SearchAction\",\"target\":{\"@type\":\"EntryPoint\",\"urlTemplate\":\"http:\/\/ouddorp-aan-zee.com\/en\/?s={search_term_string}\"},\"query-input\":\"required name=search_term_string\"}],\"inLanguage\":\"en-US\"}]}<\/script>\n<!-- \/ Yoast SEO plugin. -->","yoast_head_json":{"title":"Ferienhaus in Ouddorp aan Zee","description":"Komfortables und modern eingerichtet Ferienhaus f\u00fcr 6 Personen direkt an der holl\u00e4ndischen Nordseek\u00fcste.","robots":{"index":"noindex","follow":"nofollow"},"og_locale":"en_US","og_type":"article","og_title":"Ferienhaus in Ouddorp aan Zee","og_description":"Komfortables und modern eingerichtet Ferienhaus f\u00fcr 6 Personen direkt an der holl\u00e4ndischen Nordseek\u00fcste.","og_url":"http:\/\/ouddorp-aan-zee.com\/umgebung\/","og_site_name":"ouddorp-aan-zee.com","article_modified_time":"2025-06-19T19:06:03+00:00","og_image":[{"url":"http:\/\/ouddorp-aan-zee.com\/wp-content\/uploads\/2019\/05\/a-5-1024x768.jpg"}],"twitter_card":"summary_large_image","twitter_misc":{"Est. reading time":"4 minutes"},"schema":{"@context":"https:\/\/schema.org","@graph":[{"@type":"WebPage","@id":"http:\/\/ouddorp-aan-zee.com\/umgebung\/","url":"http:\/\/ouddorp-aan-zee.com\/umgebung\/","name":"Ferienhaus in Ouddorp aan Zee","isPartOf":{"@id":"http:\/\/ouddorp-aan-zee.com\/en\/#website"},"datePublished":"2020-01-03T16:32:03+00:00","dateModified":"2025-06-19T19:06:03+00:00","description":"Komfortables und modern eingerichtet Ferienhaus f\u00fcr 6 Personen direkt an der holl\u00e4ndischen Nordseek\u00fcste.","breadcrumb":{"@id":"http:\/\/ouddorp-aan-zee.com\/umgebung\/#breadcrumb"},"inLanguage":"en-US","potentialAction":[{"@type":"ReadAction","target":["http:\/\/ouddorp-aan-zee.com\/umgebung\/"]}]},{"@type":"BreadcrumbList","@id":"http:\/\/ouddorp-aan-zee.com\/umgebung\/#breadcrumb","itemListElement":[{"@type":"ListItem","position":1,"name":"Startseite","item":"http:\/\/ouddorp-aan-zee.com\/en\/"},{"@type":"ListItem","position":2,"name":"Aktivit\u00e4ten in Ouddorp"}]},{"@type":"WebSite","@id":"http:\/\/ouddorp-aan-zee.com\/en\/#website","url":"http:\/\/ouddorp-aan-zee.com\/en\/","name":"ouddorp-aan-zee.com","description":"Noordzeepark - Zuiderdiep 34","potentialAction":[{"@type":"SearchAction","target":{"@type":"EntryPoint","urlTemplate":"http:\/\/ouddorp-aan-zee.com\/en\/?s={search_term_string}"},"query-input":"required name=search_term_string"}],"inLanguage":"en-US"}]}},"_links":{"self":[{"href":"http:\/\/ouddorp-aan-zee.com\/en\/wp-json\/wp\/v2\/pages\/1468"}],"collection":[{"href":"http:\/\/ouddorp-aan-zee.com\/en\/wp-json\/wp\/v2\/pages"}],"about":[{"href":"http:\/\/ouddorp-aan-zee.com\/en\/wp-json\/wp\/v2\/types\/page"}],"author":[{"embeddable":true,"href":"http:\/\/ouddorp-aan-zee.com\/en\/wp-json\/wp\/v2\/users\/1"}],"replies":[{"embeddable":true,"href":"http:\/\/ouddorp-aan-zee.com\/en\/wp-json\/wp\/v2\/comments?post=1468"}],"version-history":[{"count":11,"href":"http:\/\/ouddorp-aan-zee.com\/en\/wp-json\/wp\/v2\/pages\/1468\/revisions"}],"predecessor-version":[{"id":1921,"href":"http:\/\/ouddorp-aan-zee.com\/en\/wp-json\/wp\/v2\/pages\/1468\/revisions\/1921"}],"wp:attachment":[{"href":"http:\/\/ouddorp-aan-zee.com\/en\/wp-json\/wp\/v2\/media?parent=1468"}],"curies":[{"name":"wp","href":"https:\/\/api.w.org\/{rel}","templated":true}]}}