{"id":801,"date":"2018-08-05T13:46:29","date_gmt":"2018-08-05T11:46:29","guid":{"rendered":"http:\/\/ouddorp-aan-zee.com\/?page_id=801"},"modified":"2026-01-18T14:06:25","modified_gmt":"2026-01-18T13:06:25","slug":"lageplan","status":"publish","type":"page","link":"http:\/\/ouddorp-aan-zee.com\/de\/lageplan\/","title":{"rendered":"Lageplan"},"content":{"rendered":"<p><img loading=\"lazy\" class=\"aligncenter size-large wp-image-1579\" src=\"http:\/\/ouddorp-aan-zee.com\/wp-content\/uploads\/2026\/01\/Noordzeepark.png\" alt=\"\" width=\"750\" height=\"530\" \/><\/p>\n<p><a href=\"http:\/\/ouddorp-aan-zee.com\/wp-content\/uploads\/2026\/01\/Noordzeepark.pdf\" target=\"_blank\" rel=\"noopener noreferrer\">PDF Noordzeepark<\/a><\/p>\n","protected":false},"excerpt":{"rendered":"<p>PDF Noordzeepark<\/p>\n","protected":false},"author":1,"featured_media":0,"parent":0,"menu_order":0,"comment_status":"closed","ping_status":"closed","template":"","meta":[],"yoast_head":"<!-- This site is optimized with the Yoast SEO plugin v19.9 - https:\/\/yoast.com\/wordpress\/plugins\/seo\/ -->\n<title>Ferienhaus in Ouddorp aan Zee<\/title>\n<meta name=\"description\" content=\"Komfortables und modern eingerichtet Ferienhaus f\u00fcr 6 Personen direkt an der holl\u00e4ndischen Nordseek\u00fcste.\" \/>\n<meta name=\"robots\" content=\"index, follow, max-snippet:-1, max-image-preview:large, max-video-preview:-1\" \/>\n<link rel=\"canonical\" href=\"http:\/\/ouddorp-aan-zee.com\/lageplan\/\" \/>\n<meta property=\"og:locale\" content=\"de_DE\" \/>\n<meta property=\"og:type\" content=\"article\" \/>\n<meta property=\"og:title\" content=\"Ferienhaus in Ouddorp aan Zee\" \/>\n<meta property=\"og:description\" content=\"Komfortables und modern eingerichtet Ferienhaus f\u00fcr 6 Personen direkt an der holl\u00e4ndischen Nordseek\u00fcste.\" \/>\n<meta property=\"og:url\" content=\"http:\/\/ouddorp-aan-zee.com\/lageplan\/\" \/>\n<meta property=\"og:site_name\" content=\"ouddorp-aan-zee.com\" \/>\n<meta property=\"article:modified_time\" content=\"2026-01-18T13:06:25+00:00\" \/>\n<meta property=\"og:image\" content=\"http:\/\/ouddorp-aan-zee.com\/wp-content\/uploads\/2026\/01\/Noordzeepark.png\" \/>\n<meta name=\"twitter:card\" content=\"summary_large_image\" \/>\n<meta name=\"twitter:label1\" content=\"Gesch\u00e4tzte Lesezeit\" \/>\n\t<meta name=\"twitter:data1\" content=\"1 Minute\" \/>\n<script type=\"application\/ld+json\" class=\"yoast-schema-graph\">{\"@context\":\"https:\/\/schema.org\",\"@graph\":[{\"@type\":\"WebPage\",\"@id\":\"http:\/\/ouddorp-aan-zee.com\/lageplan\/\",\"url\":\"http:\/\/ouddorp-aan-zee.com\/lageplan\/\",\"name\":\"Ferienhaus in Ouddorp aan Zee\",\"isPartOf\":{\"@id\":\"http:\/\/ouddorp-aan-zee.com\/en\/#website\"},\"datePublished\":\"2018-08-05T11:46:29+00:00\",\"dateModified\":\"2026-01-18T13:06:25+00:00\",\"description\":\"Komfortables und modern eingerichtet Ferienhaus f\u00fcr 6 Personen direkt an der holl\u00e4ndischen Nordseek\u00fcste.\",\"breadcrumb\":{\"@id\":\"http:\/\/ouddorp-aan-zee.com\/lageplan\/#breadcrumb\"},\"inLanguage\":\"de-DE\",\"potentialAction\":[{\"@type\":\"ReadAction\",\"target\":[\"http:\/\/ouddorp-aan-zee.com\/lageplan\/\"]}]},{\"@type\":\"BreadcrumbList\",\"@id\":\"http:\/\/ouddorp-aan-zee.com\/lageplan\/#breadcrumb\",\"itemListElement\":[{\"@type\":\"ListItem\",\"position\":1,\"name\":\"Startseite\",\"item\":\"http:\/\/ouddorp-aan-zee.com\/en\/\"},{\"@type\":\"ListItem\",\"position\":2,\"name\":\"Lageplan\"}]},{\"@type\":\"WebSite\",\"@id\":\"http:\/\/ouddorp-aan-zee.com\/en\/#website\",\"url\":\"http:\/\/ouddorp-aan-zee.com\/en\/\",\"name\":\"ouddorp-aan-zee.com\",\"description\":\"Noordzeepark - Zuiderdiep 34\",\"potentialAction\":[{\"@type\":\"SearchAction\",\"target\":{\"@type\":\"EntryPoint\",\"urlTemplate\":\"http:\/\/ouddorp-aan-zee.com\/en\/?s={search_term_string}\"},\"query-input\":\"required name=search_term_string\"}],\"inLanguage\":\"de-DE\"}]}<\/script>\n<!-- \/ Yoast SEO plugin. -->","yoast_head_json":{"title":"Ferienhaus in Ouddorp aan Zee","description":"Komfortables und modern eingerichtet Ferienhaus f\u00fcr 6 Personen direkt an der holl\u00e4ndischen Nordseek\u00fcste.","robots":{"index":"index","follow":"follow","max-snippet":"max-snippet:-1","max-image-preview":"max-image-preview:large","max-video-preview":"max-video-preview:-1"},"canonical":"http:\/\/ouddorp-aan-zee.com\/lageplan\/","og_locale":"de_DE","og_type":"article","og_title":"Ferienhaus in Ouddorp aan Zee","og_description":"Komfortables und modern eingerichtet Ferienhaus f\u00fcr 6 Personen direkt an der holl\u00e4ndischen Nordseek\u00fcste.","og_url":"http:\/\/ouddorp-aan-zee.com\/lageplan\/","og_site_name":"ouddorp-aan-zee.com","article_modified_time":"2026-01-18T13:06:25+00:00","og_image":[{"url":"http:\/\/ouddorp-aan-zee.com\/wp-content\/uploads\/2026\/01\/Noordzeepark.png"}],"twitter_card":"summary_large_image","twitter_misc":{"Gesch\u00e4tzte Lesezeit":"1 Minute"},"schema":{"@context":"https:\/\/schema.org","@graph":[{"@type":"WebPage","@id":"http:\/\/ouddorp-aan-zee.com\/lageplan\/","url":"http:\/\/ouddorp-aan-zee.com\/lageplan\/","name":"Ferienhaus in Ouddorp aan Zee","isPartOf":{"@id":"http:\/\/ouddorp-aan-zee.com\/en\/#website"},"datePublished":"2018-08-05T11:46:29+00:00","dateModified":"2026-01-18T13:06:25+00:00","description":"Komfortables und modern eingerichtet Ferienhaus f\u00fcr 6 Personen direkt an der holl\u00e4ndischen Nordseek\u00fcste.","breadcrumb":{"@id":"http:\/\/ouddorp-aan-zee.com\/lageplan\/#breadcrumb"},"inLanguage":"de-DE","potentialAction":[{"@type":"ReadAction","target":["http:\/\/ouddorp-aan-zee.com\/lageplan\/"]}]},{"@type":"BreadcrumbList","@id":"http:\/\/ouddorp-aan-zee.com\/lageplan\/#breadcrumb","itemListElement":[{"@type":"ListItem","position":1,"name":"Startseite","item":"http:\/\/ouddorp-aan-zee.com\/en\/"},{"@type":"ListItem","position":2,"name":"Lageplan"}]},{"@type":"WebSite","@id":"http:\/\/ouddorp-aan-zee.com\/en\/#website","url":"http:\/\/ouddorp-aan-zee.com\/en\/","name":"ouddorp-aan-zee.com","description":"Noordzeepark - Zuiderdiep 34","potentialAction":[{"@type":"SearchAction","target":{"@type":"EntryPoint","urlTemplate":"http:\/\/ouddorp-aan-zee.com\/en\/?s={search_term_string}"},"query-input":"required name=search_term_string"}],"inLanguage":"de-DE"}]}},"_links":{"self":[{"href":"http:\/\/ouddorp-aan-zee.com\/de\/wp-json\/wp\/v2\/pages\/801"}],"collection":[{"href":"http:\/\/ouddorp-aan-zee.com\/de\/wp-json\/wp\/v2\/pages"}],"about":[{"href":"http:\/\/ouddorp-aan-zee.com\/de\/wp-json\/wp\/v2\/types\/page"}],"author":[{"embeddable":true,"href":"http:\/\/ouddorp-aan-zee.com\/de\/wp-json\/wp\/v2\/users\/1"}],"replies":[{"embeddable":true,"href":"http:\/\/ouddorp-aan-zee.com\/de\/wp-json\/wp\/v2\/comments?post=801"}],"version-history":[{"count":10,"href":"http:\/\/ouddorp-aan-zee.com\/de\/wp-json\/wp\/v2\/pages\/801\/revisions"}],"predecessor-version":[{"id":1938,"href":"http:\/\/ouddorp-aan-zee.com\/de\/wp-json\/wp\/v2\/pages\/801\/revisions\/1938"}],"wp:attachment":[{"href":"http:\/\/ouddorp-aan-zee.com\/de\/wp-json\/wp\/v2\/media?parent=801"}],"curies":[{"name":"wp","href":"https:\/\/api.w.org\/{rel}","templated":true}]}}