{"id":8,"date":"2017-03-05T13:20:55","date_gmt":"2017-03-05T12:20:55","guid":{"rendered":"http:\/\/ouddorp-aan-zee.com\/wordpress\/?page_id=8"},"modified":"2025-06-19T21:17:20","modified_gmt":"2025-06-19T19:17:20","slug":"einrichtung","status":"publish","type":"page","link":"http:\/\/ouddorp-aan-zee.com\/de\/einrichtung\/","title":{"rendered":"Einrichtung"},"content":{"rendered":"<h3>Wohnzimmer<\/h3>\n<ul>\n<li>Ecksofa<\/li>\n<li>HD-Flachbildfernseher mit Kabel- (NL) und Satellitenanschluss (D)<\/li>\n<li>DVD-Spieler<\/li>\n<li>Stereoanlage (USB, Bluetooth)<\/li>\n<li>gratis WLAN<\/li>\n<\/ul>\n<h3>K\u00fcche<\/h3>\n<ul>\n<li>Gaskochstelle mit Dunstabzugshaube<\/li>\n<li>Elektrobackofen<\/li>\n<li>Geschirrsp\u00fclmaschine<\/li>\n<li>Mikrowelle<\/li>\n<li>K\u00fchlschrank mit Gefrierfach<\/li>\n<li>Wasserkocher<\/li>\n<li>Filterkaffeemaschine und Senseo-Kaffeeautomat<\/li>\n<li>Toaster<\/li>\n<li>Eierkocher<\/li>\n<\/ul>\n<h3>Sanit\u00e4re Einrichtungen<\/h3>\n<ul>\n<li>Badezimmer mit Duschkabine und Waschtisch<\/li>\n<li>2 separate\u00a0Toiletten<\/li>\n<\/ul>\n<h3>Schlafzimmer 1<\/h3>\n<ul>\n<li>Doppelbett 180&#215;200 cm mit Kissen und Decken<\/li>\n<li>Kleiderschrank<\/li>\n<li>Waschbecken<\/li>\n<li>HD-Flachbildfernseher mit Kabel- (NL) und Satellitenanschluss (D)<\/li>\n<\/ul>\n<h3>Schlafzimmer 2<\/h3>\n<ul>\n<li>Zwei Einzelbetten 90&#215;200 cm mit Kissen und Decke<\/li>\n<li>Kleiderschrank und Kommode<\/li>\n<\/ul>\n<h3>Schlafzimmer 3<\/h3>\n<ul>\n<li>Zwei Einzelbetten 90&#215;200 cm mit Kissen und Decke<\/li>\n<li>Kommode<\/li>\n<\/ul>\n<h3>Garten<\/h3>\n<ul>\n<li>ca. 280 m\u00b2 Grundst\u00fcck<\/li>\n<li>2 Terrassen<\/li>\n<li>Gartenm\u00f6bel mit Sitzauflagen<\/li>\n<li>Gartenhaus zum Unterstellen von Fahrr\u00e4dern<\/li>\n<\/ul>\n<h3>Sonstiges<\/h3>\n<ul>\n<li>Waschmaschine und W\u00e4schest\u00e4nder<\/li>\n<li>W\u00e4schetrockner<\/li>\n<li>F\u00f6hn<\/li>\n<li>Kinderstuhl<\/li>\n<li>B\u00fcgeleisen und B\u00fcgelbrett<\/li>\n<li>Gaszentralheizung<\/li>\n<li>2 Parkpl\u00e4tze<\/li>\n<\/ul>","protected":false},"excerpt":{"rendered":"<p>Wohnzimmer Ecksofa HD-Flachbildfernseher mit Kabel- (NL) und Satellitenanschluss (D) DVD-Spieler Stereoanlage (USB, Bluetooth) gratis WLAN K\u00fcche Gaskochstelle mit Dunstabzugshaube Elektrobackofen Geschirrsp\u00fclmaschine Mikrowelle K\u00fchlschrank mit Gefrierfach Wasserkocher Filterkaffeemaschine und Senseo-Kaffeeautomat Toaster <a class=\"more-link\" href=\"http:\/\/ouddorp-aan-zee.com\/de\/einrichtung\/\">Continue Reading \u2192<\/a><\/p>\n","protected":false},"author":1,"featured_media":0,"parent":0,"menu_order":0,"comment_status":"closed","ping_status":"closed","template":"","meta":[],"yoast_head":"<!-- This site is optimized with the Yoast SEO plugin v19.9 - https:\/\/yoast.com\/wordpress\/plugins\/seo\/ -->\n<title>Ferienhaus in Ouddorp aan Zee<\/title>\n<meta name=\"description\" content=\"Komfortables und modern eingerichtet Ferienhaus f\u00fcr 6 Personen direkt an der holl\u00e4ndischen Nordseek\u00fcste.\" \/>\n<meta name=\"robots\" content=\"index, follow, max-snippet:-1, max-image-preview:large, max-video-preview:-1\" \/>\n<link rel=\"canonical\" href=\"http:\/\/ouddorp-aan-zee.com\/einrichtung\/\" \/>\n<meta property=\"og:locale\" content=\"de_DE\" \/>\n<meta property=\"og:type\" content=\"article\" \/>\n<meta property=\"og:title\" content=\"[:de]Ferienhaus in Ouddorp aan Zee[:]\" \/>\n<meta property=\"og:description\" content=\"Komfortables und modern eingerichtet Ferienhaus f\u00fcr 6 Personen direkt an der holl\u00e4ndischen Nordseek\u00fcste.\" \/>\n<meta property=\"og:url\" content=\"http:\/\/ouddorp-aan-zee.com\/einrichtung\/\" \/>\n<meta property=\"og:site_name\" content=\"ouddorp-aan-zee.com\" \/>\n<meta property=\"article:modified_time\" content=\"2025-06-19T19:17:20+00:00\" \/>\n<meta name=\"twitter:card\" content=\"summary_large_image\" \/>\n<meta name=\"twitter:label1\" content=\"Gesch\u00e4tzte Lesezeit\" \/>\n\t<meta name=\"twitter:data1\" content=\"1 Minute\" \/>\n<script type=\"application\/ld+json\" class=\"yoast-schema-graph\">{\"@context\":\"https:\/\/schema.org\",\"@graph\":[{\"@type\":\"WebPage\",\"@id\":\"http:\/\/ouddorp-aan-zee.com\/einrichtung\/\",\"url\":\"http:\/\/ouddorp-aan-zee.com\/einrichtung\/\",\"name\":\"[:de]Ferienhaus in Ouddorp aan Zee[:]\",\"isPartOf\":{\"@id\":\"http:\/\/ouddorp-aan-zee.com\/en\/#website\"},\"datePublished\":\"2017-03-05T12:20:55+00:00\",\"dateModified\":\"2025-06-19T19:17:20+00:00\",\"description\":\"Komfortables und modern eingerichtet Ferienhaus f\u00fcr 6 Personen direkt an der holl\u00e4ndischen Nordseek\u00fcste.\",\"breadcrumb\":{\"@id\":\"http:\/\/ouddorp-aan-zee.com\/einrichtung\/#breadcrumb\"},\"inLanguage\":\"de-DE\",\"potentialAction\":[{\"@type\":\"ReadAction\",\"target\":[\"http:\/\/ouddorp-aan-zee.com\/einrichtung\/\"]}]},{\"@type\":\"BreadcrumbList\",\"@id\":\"http:\/\/ouddorp-aan-zee.com\/einrichtung\/#breadcrumb\",\"itemListElement\":[{\"@type\":\"ListItem\",\"position\":1,\"name\":\"Startseite\",\"item\":\"http:\/\/ouddorp-aan-zee.com\/en\/\"},{\"@type\":\"ListItem\",\"position\":2,\"name\":\"Einrichtung\"}]},{\"@type\":\"WebSite\",\"@id\":\"http:\/\/ouddorp-aan-zee.com\/en\/#website\",\"url\":\"http:\/\/ouddorp-aan-zee.com\/en\/\",\"name\":\"ouddorp-aan-zee.com\",\"description\":\"Noordzeepark - Zuiderdiep 34\",\"potentialAction\":[{\"@type\":\"SearchAction\",\"target\":{\"@type\":\"EntryPoint\",\"urlTemplate\":\"http:\/\/ouddorp-aan-zee.com\/en\/?s={search_term_string}\"},\"query-input\":\"required name=search_term_string\"}],\"inLanguage\":\"de-DE\"}]}<\/script>\n<!-- \/ Yoast SEO plugin. -->","yoast_head_json":{"title":"Ferienhaus in Ouddorp aan Zee","description":"Komfortables und modern eingerichtet Ferienhaus f\u00fcr 6 Personen direkt an der holl\u00e4ndischen Nordseek\u00fcste.","robots":{"index":"index","follow":"follow","max-snippet":"max-snippet:-1","max-image-preview":"max-image-preview:large","max-video-preview":"max-video-preview:-1"},"canonical":"http:\/\/ouddorp-aan-zee.com\/einrichtung\/","og_locale":"de_DE","og_type":"article","og_title":"[:de]Ferienhaus in Ouddorp aan Zee[:]","og_description":"Komfortables und modern eingerichtet Ferienhaus f\u00fcr 6 Personen direkt an der holl\u00e4ndischen Nordseek\u00fcste.","og_url":"http:\/\/ouddorp-aan-zee.com\/einrichtung\/","og_site_name":"ouddorp-aan-zee.com","article_modified_time":"2025-06-19T19:17:20+00:00","twitter_card":"summary_large_image","twitter_misc":{"Gesch\u00e4tzte Lesezeit":"1 Minute"},"schema":{"@context":"https:\/\/schema.org","@graph":[{"@type":"WebPage","@id":"http:\/\/ouddorp-aan-zee.com\/einrichtung\/","url":"http:\/\/ouddorp-aan-zee.com\/einrichtung\/","name":"[:de]Ferienhaus in Ouddorp aan Zee[:]","isPartOf":{"@id":"http:\/\/ouddorp-aan-zee.com\/en\/#website"},"datePublished":"2017-03-05T12:20:55+00:00","dateModified":"2025-06-19T19:17:20+00:00","description":"Komfortables und modern eingerichtet Ferienhaus f\u00fcr 6 Personen direkt an der holl\u00e4ndischen Nordseek\u00fcste.","breadcrumb":{"@id":"http:\/\/ouddorp-aan-zee.com\/einrichtung\/#breadcrumb"},"inLanguage":"de-DE","potentialAction":[{"@type":"ReadAction","target":["http:\/\/ouddorp-aan-zee.com\/einrichtung\/"]}]},{"@type":"BreadcrumbList","@id":"http:\/\/ouddorp-aan-zee.com\/einrichtung\/#breadcrumb","itemListElement":[{"@type":"ListItem","position":1,"name":"Startseite","item":"http:\/\/ouddorp-aan-zee.com\/en\/"},{"@type":"ListItem","position":2,"name":"Einrichtung"}]},{"@type":"WebSite","@id":"http:\/\/ouddorp-aan-zee.com\/en\/#website","url":"http:\/\/ouddorp-aan-zee.com\/en\/","name":"ouddorp-aan-zee.com","description":"Noordzeepark - Zuiderdiep 34","potentialAction":[{"@type":"SearchAction","target":{"@type":"EntryPoint","urlTemplate":"http:\/\/ouddorp-aan-zee.com\/en\/?s={search_term_string}"},"query-input":"required name=search_term_string"}],"inLanguage":"de-DE"}]}},"_links":{"self":[{"href":"http:\/\/ouddorp-aan-zee.com\/de\/wp-json\/wp\/v2\/pages\/8"}],"collection":[{"href":"http:\/\/ouddorp-aan-zee.com\/de\/wp-json\/wp\/v2\/pages"}],"about":[{"href":"http:\/\/ouddorp-aan-zee.com\/de\/wp-json\/wp\/v2\/types\/page"}],"author":[{"embeddable":true,"href":"http:\/\/ouddorp-aan-zee.com\/de\/wp-json\/wp\/v2\/users\/1"}],"replies":[{"embeddable":true,"href":"http:\/\/ouddorp-aan-zee.com\/de\/wp-json\/wp\/v2\/comments?post=8"}],"version-history":[{"count":10,"href":"http:\/\/ouddorp-aan-zee.com\/de\/wp-json\/wp\/v2\/pages\/8\/revisions"}],"predecessor-version":[{"id":1924,"href":"http:\/\/ouddorp-aan-zee.com\/de\/wp-json\/wp\/v2\/pages\/8\/revisions\/1924"}],"wp:attachment":[{"href":"http:\/\/ouddorp-aan-zee.com\/de\/wp-json\/wp\/v2\/media?parent=8"}],"curies":[{"name":"wp","href":"https:\/\/api.w.org\/{rel}","templated":true}]}}