{"id":19,"date":"2017-03-05T10:58:44","date_gmt":"2017-03-05T09:58:44","guid":{"rendered":"http:\/\/ouddorp-aan-zee.com\/wordpress\/?page_id=19"},"modified":"2025-06-19T20:53:58","modified_gmt":"2025-06-19T18:53:58","slug":"noordzeepark","status":"publish","type":"page","link":"http:\/\/ouddorp-aan-zee.com\/de\/noordzeepark\/","title":{"rendered":"Noordzeepark"},"content":{"rendered":"\r\n\t<div class=\"slideshow_container slideshow_container_style-light\" style=\"height: 300px; \" data-slideshow-id=\"1013\" data-style-name=\"style-light\" data-style-version=\"2.3.1\" >\r\n\r\n\t\t\t\t\t<div class=\"slideshow_loading_icon\"><\/div>\r\n\t\t\r\n\t\t<div class=\"slideshow_content\" style=\"display: none;\">\r\n\r\n\t\t\t<div class=\"slideshow_view\">\r\n\t\t\t\t<div class=\"slideshow_slide slideshow_slide_image\">\r\n\t\t\t\t\t\t\t\t\t\t\t<img src=\"http:\/\/ouddorp-aan-zee.com\/wp-content\/uploads\/2019\/05\/m-1-1.jpg\" alt=\"m (1)\" width=\"1024\" height=\"456\" \/>\r\n\t\t\t\t\t\t\t\t\t\t<div class=\"slideshow_description_box slideshow_transparent\">\r\n\t\t\t\t\t\t<div class=\"slideshow_title\">m (1)<\/div>\t\t\t\t\t\t\t\t\t\t\t<\/div>\r\n\t\t\t\t<\/div>\r\n\r\n\t\t\t\t\t\t<div style=\"clear: both;\"><\/div><\/div><div class=\"slideshow_view\">\r\n\t\t\t\t<div class=\"slideshow_slide slideshow_slide_image\">\r\n\t\t\t\t\t\t\t\t\t\t\t<img src=\"http:\/\/ouddorp-aan-zee.com\/wp-content\/uploads\/2019\/05\/m-3-1.jpg\" alt=\"m (3)\" width=\"1024\" height=\"684\" \/>\r\n\t\t\t\t\t\t\t\t\t\t<div class=\"slideshow_description_box slideshow_transparent\">\r\n\t\t\t\t\t\t<div class=\"slideshow_title\">m (3)<\/div>\t\t\t\t\t\t\t\t\t\t\t<\/div>\r\n\t\t\t\t<\/div>\r\n\r\n\t\t\t\t\t\t<div style=\"clear: both;\"><\/div><\/div><div class=\"slideshow_view\">\r\n\t\t\t\t<div class=\"slideshow_slide slideshow_slide_image\">\r\n\t\t\t\t\t\t\t\t\t\t\t<img src=\"http:\/\/ouddorp-aan-zee.com\/wp-content\/uploads\/2019\/05\/m-6-1.jpg\" alt=\"m (6)\" width=\"1024\" height=\"572\" \/>\r\n\t\t\t\t\t\t\t\t\t\t<div class=\"slideshow_description_box slideshow_transparent\">\r\n\t\t\t\t\t\t<div class=\"slideshow_title\">m (6)<\/div>\t\t\t\t\t\t\t\t\t\t\t<\/div>\r\n\t\t\t\t<\/div>\r\n\r\n\t\t\t\t\t\t<div style=\"clear: both;\"><\/div><\/div><div class=\"slideshow_view\">\r\n\t\t\t\t<div class=\"slideshow_slide slideshow_slide_image\">\r\n\t\t\t\t\t\t\t\t\t\t\t<img src=\"http:\/\/ouddorp-aan-zee.com\/wp-content\/uploads\/2019\/05\/m-7-1.jpg\" alt=\"m (7)\" width=\"1024\" height=\"768\" \/>\r\n\t\t\t\t\t\t\t\t\t\t<div class=\"slideshow_description_box slideshow_transparent\">\r\n\t\t\t\t\t\t<div class=\"slideshow_title\">m (7)<\/div>\t\t\t\t\t\t\t\t\t\t\t<\/div>\r\n\t\t\t\t<\/div>\r\n\r\n\t\t\t\t\t\t<div style=\"clear: both;\"><\/div><\/div><div class=\"slideshow_view\">\r\n\t\t\t\t<div class=\"slideshow_slide slideshow_slide_image\">\r\n\t\t\t\t\t\t\t\t\t\t\t<img src=\"http:\/\/ouddorp-aan-zee.com\/wp-content\/uploads\/2019\/05\/m-8-1.jpg\" alt=\"m (8)\" width=\"1024\" height=\"768\" \/>\r\n\t\t\t\t\t\t\t\t\t\t<div class=\"slideshow_description_box slideshow_transparent\">\r\n\t\t\t\t\t\t<div class=\"slideshow_title\">m (8)<\/div>\t\t\t\t\t\t\t\t\t\t\t<\/div>\r\n\t\t\t\t<\/div>\r\n\r\n\t\t\t\t\t\t<div style=\"clear: both;\"><\/div><\/div><div class=\"slideshow_view\">\r\n\t\t\t\t<div class=\"slideshow_slide slideshow_slide_image\">\r\n\t\t\t\t\t\t\t\t\t\t\t<img src=\"http:\/\/ouddorp-aan-zee.com\/wp-content\/uploads\/2019\/05\/m-9-1.jpg\" alt=\"m (9)\" width=\"1024\" height=\"768\" \/>\r\n\t\t\t\t\t\t\t\t\t\t<div class=\"slideshow_description_box slideshow_transparent\">\r\n\t\t\t\t\t\t<div class=\"slideshow_title\">m (9)<\/div>\t\t\t\t\t\t\t\t\t\t\t<\/div>\r\n\t\t\t\t<\/div>\r\n\r\n\t\t\t\t\t\t<div style=\"clear: both;\"><\/div><\/div><div class=\"slideshow_view\">\r\n\t\t\t\t<div class=\"slideshow_slide slideshow_slide_image\">\r\n\t\t\t\t\t\t\t\t\t\t\t<img src=\"http:\/\/ouddorp-aan-zee.com\/wp-content\/uploads\/2019\/05\/m-10-1.jpg\" alt=\"m (10)\" width=\"1024\" height=\"768\" \/>\r\n\t\t\t\t\t\t\t\t\t\t<div class=\"slideshow_description_box slideshow_transparent\">\r\n\t\t\t\t\t\t<div class=\"slideshow_title\">m (10)<\/div>\t\t\t\t\t\t\t\t\t\t\t<\/div>\r\n\t\t\t\t<\/div>\r\n\r\n\t\t\t\t\t\t<div style=\"clear: both;\"><\/div><\/div><div class=\"slideshow_view\">\r\n\t\t\t\t<div class=\"slideshow_slide slideshow_slide_image\">\r\n\t\t\t\t\t\t\t\t\t\t\t<img src=\"http:\/\/ouddorp-aan-zee.com\/wp-content\/uploads\/2019\/05\/m-11-1.jpg\" alt=\"m (11)\" width=\"1024\" height=\"768\" \/>\r\n\t\t\t\t\t\t\t\t\t\t<div class=\"slideshow_description_box slideshow_transparent\">\r\n\t\t\t\t\t\t<div class=\"slideshow_title\">m (11)<\/div>\t\t\t\t\t\t\t\t\t\t\t<\/div>\r\n\t\t\t\t<\/div>\r\n\r\n\t\t\t\t\t\t<div style=\"clear: both;\"><\/div><\/div><div class=\"slideshow_view\">\r\n\t\t\t\t<div class=\"slideshow_slide slideshow_slide_image\">\r\n\t\t\t\t\t\t\t\t\t\t\t<img src=\"http:\/\/ouddorp-aan-zee.com\/wp-content\/uploads\/2019\/05\/m-12-1.jpg\" alt=\"m (12)\" width=\"1024\" height=\"644\" \/>\r\n\t\t\t\t\t\t\t\t\t\t<div class=\"slideshow_description_box slideshow_transparent\">\r\n\t\t\t\t\t\t<div class=\"slideshow_title\">m (12)<\/div>\t\t\t\t\t\t\t\t\t\t\t<\/div>\r\n\t\t\t\t<\/div>\r\n\r\n\t\t\t\t\t\t<div style=\"clear: both;\"><\/div><\/div><div class=\"slideshow_view\">\r\n\t\t\t\t<div class=\"slideshow_slide slideshow_slide_image\">\r\n\t\t\t\t\t\t\t\t\t\t\t<img src=\"http:\/\/ouddorp-aan-zee.com\/wp-content\/uploads\/2019\/05\/m-13-1.jpg\" alt=\"m (13)\" width=\"1024\" height=\"653\" \/>\r\n\t\t\t\t\t\t\t\t\t\t<div class=\"slideshow_description_box slideshow_transparent\">\r\n\t\t\t\t\t\t<div class=\"slideshow_title\">m (13)<\/div>\t\t\t\t\t\t\t\t\t\t\t<\/div>\r\n\t\t\t\t<\/div>\r\n\r\n\t\t\t\t\t\t<div style=\"clear: both;\"><\/div><\/div><div class=\"slideshow_view\">\r\n\t\t\t\t<div class=\"slideshow_slide slideshow_slide_image\">\r\n\t\t\t\t\t\t\t\t\t\t\t<img src=\"http:\/\/ouddorp-aan-zee.com\/wp-content\/uploads\/2019\/05\/m-14-1.jpg\" alt=\"m (14)\" width=\"1024\" height=\"768\" \/>\r\n\t\t\t\t\t\t\t\t\t\t<div class=\"slideshow_description_box slideshow_transparent\">\r\n\t\t\t\t\t\t<div class=\"slideshow_title\">m (14)<\/div>\t\t\t\t\t\t\t\t\t\t\t<\/div>\r\n\t\t\t\t<\/div>\r\n\r\n\t\t\t\t\t\t<div style=\"clear: both;\"><\/div><\/div><div class=\"slideshow_view\">\r\n\t\t\t\t<div class=\"slideshow_slide slideshow_slide_image\">\r\n\t\t\t\t\t\t\t\t\t\t\t<img src=\"http:\/\/ouddorp-aan-zee.com\/wp-content\/uploads\/2019\/05\/m-15-1.jpg\" alt=\"m (15)\" width=\"1024\" height=\"590\" \/>\r\n\t\t\t\t\t\t\t\t\t\t<div class=\"slideshow_description_box slideshow_transparent\">\r\n\t\t\t\t\t\t<div class=\"slideshow_title\">m (15)<\/div>\t\t\t\t\t\t\t\t\t\t\t<\/div>\r\n\t\t\t\t<\/div>\r\n\r\n\t\t\t\t\t\t<div style=\"clear: both;\"><\/div><\/div>\r\n\t\t<\/div>\r\n\r\n\t\t<div class=\"slideshow_controlPanel slideshow_transparent\" style=\"display: none;\"><ul><li class=\"slideshow_togglePlay\" data-play-text=\"Abspielen\" data-pause-text=\"Pause\"><\/li><\/ul><\/div>\r\n\r\n\t\t<div class=\"slideshow_button slideshow_previous slideshow_transparent\" role=\"button\" data-previous-text=\"Zur\u00fcck\" style=\"display: none;\"><\/div>\r\n\t\t<div class=\"slideshow_button slideshow_next slideshow_transparent\" role=\"button\" data-next-text=\"N\u00e4chstes\" style=\"display: none;\"><\/div>\r\n\r\n\t\t<div class=\"slideshow_pagination\" style=\"display: none;\" data-go-to-text=\"Gehe zum Bild\"><div class=\"slideshow_pagination_center\"><\/div><\/div>\r\n\r\n\t\t<!-- WordPress Slideshow Version 2.3.1 -->\r\n\r\n\t\t\t<\/div>\r\n\r\n\n<p>&nbsp;<\/p>\n<p>Zwischen Rotterdam im Norden und der Provinz Zeeland im S\u00fcden liegt die Insel Goeree-Overflakkee.<br \/>\nOuddorp befindet sich am Kopf der Insel direkt an den rund 17\u00a0km langen Sandstr\u00e4nden der Nordsee.<br \/>\nDer Noordzeepark liegt hinter den D\u00fcnen und wenige Gehminuten (ca. 10 min) vom Meer entfernt. Zum Ortszentrum\u00a0von Ouddorp sind es rund 3\u00a0km.<\/p>\n<p>Viel Gr\u00fcn, ein kleiner Weiher und ruhige Atmosph\u00e4re erwartet Sie im gepflegten Ferienhauspark. Ein Fahrradverleih steht Ihnen am Parkeingang zur Verf\u00fcgung. Unweit vom Ferienhaus finden Sie den Spiel- und Tennisplatz. Das Ferienhaus ist ruhig und doch nah von allen Parkeinrichtungen gelegen.<\/p>\n<p><a href=\"http:\/\/ouddorp-aan-zee.com\/de\/lageplan\/\"><img loading=\"lazy\" class=\"aligncenter size-large wp-image-1580\" src=\"http:\/\/ouddorp-aan-zee.com\/wp-content\/uploads\/2020\/01\/Noordzeepark_01-1024x724.png\" alt=\"\" width=\"300\" height=\"auto\" srcset=\"http:\/\/ouddorp-aan-zee.com\/wp-content\/uploads\/2020\/01\/Noordzeepark_01-1024x724.png 1024w, http:\/\/ouddorp-aan-zee.com\/wp-content\/uploads\/2020\/01\/Noordzeepark_01-300x212.png 300w, http:\/\/ouddorp-aan-zee.com\/wp-content\/uploads\/2020\/01\/Noordzeepark_01-768x543.png 768w, http:\/\/ouddorp-aan-zee.com\/wp-content\/uploads\/2020\/01\/Noordzeepark_01.png 1106w\" sizes=\"(max-width: 1024px) 100vw, 1024px\" \/><\/a><\/p>\n<p style=\"text-align: center;\"><a href=\"http:\/\/ouddorp-aan-zee.com\/lageplan\/\">\u2192Lageplan Noordzeepark<\/a><\/p>\n<h3 style=\"text-align: left;\">Adresse:<\/h3>\n<p>Noordzeepark-Zuiderdiep 34<br \/>\n3253 NL Ouddorp<\/p>\n<h3>Navigation:<\/h3>\n<p>Oude Nieuwlandseweg 43<br \/>\nZuiderdiep 34<br \/>\n3253 LL Ouddorp<\/p>\n<p>&nbsp;<\/p>\n<p>&nbsp;<\/p>\n<p><iframe loading=\"lazy\" style=\"border: 0;\" src=\"https:\/\/www.google.com\/maps\/embed?pb=!1m18!1m12!1m3!1d547.1093056549496!2d3.915216717609851!3d51.82017999865463!2m3!1f0!2f0!3f0!3m2!1i1024!2i768!4f13.1!3m3!1m2!1s0x0%3A0x0!2zNTHCsDQ5JzEyLjciTiAzwrA1NCc1Ni44IkU!5e1!3m2!1sde!2sde!4v1489609676492\" width=\"800\" height=\"450\" frameborder=\"0\" allowfullscreen=\"allowfullscreen\"><\/iframe>","protected":false},"excerpt":{"rendered":"<p>&nbsp; Zwischen Rotterdam im Norden und der Provinz Zeeland im S\u00fcden liegt die Insel Goeree-Overflakkee. Ouddorp befindet sich am Kopf der Insel direkt an den rund 17\u00a0km langen Sandstr\u00e4nden der <a class=\"more-link\" href=\"http:\/\/ouddorp-aan-zee.com\/de\/noordzeepark\/\">Continue Reading \u2192<\/a><\/p>\n","protected":false},"author":1,"featured_media":0,"parent":0,"menu_order":0,"comment_status":"closed","ping_status":"closed","template":"","meta":[],"yoast_head":"<!-- This site is optimized with the Yoast SEO plugin v19.9 - https:\/\/yoast.com\/wordpress\/plugins\/seo\/ -->\n<title>Ferienhaus in Ouddorp aan Zee<\/title>\n<meta name=\"description\" content=\"Komfortables und modern eingerichtet Ferienhaus f\u00fcr 6 Personen direkt an der holl\u00e4ndischen Nordseek\u00fcste.\" \/>\n<meta name=\"robots\" content=\"index, follow, max-snippet:-1, max-image-preview:large, max-video-preview:-1\" \/>\n<link rel=\"canonical\" href=\"http:\/\/ouddorp-aan-zee.com\/noordzeepark\/\" \/>\n<meta property=\"og:locale\" content=\"de_DE\" \/>\n<meta property=\"og:type\" content=\"article\" \/>\n<meta property=\"og:title\" content=\"Ferienhaus in Ouddorp aan Zee\" \/>\n<meta property=\"og:description\" content=\"Komfortables und modern eingerichtet Ferienhaus f\u00fcr 6 Personen direkt an der holl\u00e4ndischen Nordseek\u00fcste.\" \/>\n<meta property=\"og:url\" content=\"http:\/\/ouddorp-aan-zee.com\/noordzeepark\/\" \/>\n<meta property=\"og:site_name\" content=\"ouddorp-aan-zee.com\" \/>\n<meta property=\"article:modified_time\" content=\"2025-06-19T18:53:58+00:00\" \/>\n<meta property=\"og:image\" content=\"http:\/\/ouddorp-aan-zee.com\/wp-content\/uploads\/2020\/01\/Noordzeepark_01-1024x724.png\" \/>\n<meta name=\"twitter:card\" content=\"summary_large_image\" \/>\n<meta name=\"twitter:label1\" content=\"Gesch\u00e4tzte Lesezeit\" \/>\n\t<meta name=\"twitter:data1\" content=\"1 Minute\" \/>\n<script type=\"application\/ld+json\" class=\"yoast-schema-graph\">{\"@context\":\"https:\/\/schema.org\",\"@graph\":[{\"@type\":\"WebPage\",\"@id\":\"http:\/\/ouddorp-aan-zee.com\/noordzeepark\/\",\"url\":\"http:\/\/ouddorp-aan-zee.com\/noordzeepark\/\",\"name\":\"Ferienhaus in Ouddorp aan Zee\",\"isPartOf\":{\"@id\":\"http:\/\/ouddorp-aan-zee.com\/en\/#website\"},\"datePublished\":\"2017-03-05T09:58:44+00:00\",\"dateModified\":\"2025-06-19T18:53:58+00:00\",\"description\":\"Komfortables und modern eingerichtet Ferienhaus f\u00fcr 6 Personen direkt an der holl\u00e4ndischen Nordseek\u00fcste.\",\"breadcrumb\":{\"@id\":\"http:\/\/ouddorp-aan-zee.com\/noordzeepark\/#breadcrumb\"},\"inLanguage\":\"de-DE\",\"potentialAction\":[{\"@type\":\"ReadAction\",\"target\":[\"http:\/\/ouddorp-aan-zee.com\/noordzeepark\/\"]}]},{\"@type\":\"BreadcrumbList\",\"@id\":\"http:\/\/ouddorp-aan-zee.com\/noordzeepark\/#breadcrumb\",\"itemListElement\":[{\"@type\":\"ListItem\",\"position\":1,\"name\":\"Startseite\",\"item\":\"http:\/\/ouddorp-aan-zee.com\/en\/\"},{\"@type\":\"ListItem\",\"position\":2,\"name\":\"Noordzeepark\"}]},{\"@type\":\"WebSite\",\"@id\":\"http:\/\/ouddorp-aan-zee.com\/en\/#website\",\"url\":\"http:\/\/ouddorp-aan-zee.com\/en\/\",\"name\":\"ouddorp-aan-zee.com\",\"description\":\"Noordzeepark - Zuiderdiep 34\",\"potentialAction\":[{\"@type\":\"SearchAction\",\"target\":{\"@type\":\"EntryPoint\",\"urlTemplate\":\"http:\/\/ouddorp-aan-zee.com\/en\/?s={search_term_string}\"},\"query-input\":\"required name=search_term_string\"}],\"inLanguage\":\"de-DE\"}]}<\/script>\n<!-- \/ Yoast SEO plugin. -->","yoast_head_json":{"title":"Ferienhaus in Ouddorp aan Zee","description":"Komfortables und modern eingerichtet Ferienhaus f\u00fcr 6 Personen direkt an der holl\u00e4ndischen Nordseek\u00fcste.","robots":{"index":"index","follow":"follow","max-snippet":"max-snippet:-1","max-image-preview":"max-image-preview:large","max-video-preview":"max-video-preview:-1"},"canonical":"http:\/\/ouddorp-aan-zee.com\/noordzeepark\/","og_locale":"de_DE","og_type":"article","og_title":"Ferienhaus in Ouddorp aan Zee","og_description":"Komfortables und modern eingerichtet Ferienhaus f\u00fcr 6 Personen direkt an der holl\u00e4ndischen Nordseek\u00fcste.","og_url":"http:\/\/ouddorp-aan-zee.com\/noordzeepark\/","og_site_name":"ouddorp-aan-zee.com","article_modified_time":"2025-06-19T18:53:58+00:00","og_image":[{"url":"http:\/\/ouddorp-aan-zee.com\/wp-content\/uploads\/2020\/01\/Noordzeepark_01-1024x724.png"}],"twitter_card":"summary_large_image","twitter_misc":{"Gesch\u00e4tzte Lesezeit":"1 Minute"},"schema":{"@context":"https:\/\/schema.org","@graph":[{"@type":"WebPage","@id":"http:\/\/ouddorp-aan-zee.com\/noordzeepark\/","url":"http:\/\/ouddorp-aan-zee.com\/noordzeepark\/","name":"Ferienhaus in Ouddorp aan Zee","isPartOf":{"@id":"http:\/\/ouddorp-aan-zee.com\/en\/#website"},"datePublished":"2017-03-05T09:58:44+00:00","dateModified":"2025-06-19T18:53:58+00:00","description":"Komfortables und modern eingerichtet Ferienhaus f\u00fcr 6 Personen direkt an der holl\u00e4ndischen Nordseek\u00fcste.","breadcrumb":{"@id":"http:\/\/ouddorp-aan-zee.com\/noordzeepark\/#breadcrumb"},"inLanguage":"de-DE","potentialAction":[{"@type":"ReadAction","target":["http:\/\/ouddorp-aan-zee.com\/noordzeepark\/"]}]},{"@type":"BreadcrumbList","@id":"http:\/\/ouddorp-aan-zee.com\/noordzeepark\/#breadcrumb","itemListElement":[{"@type":"ListItem","position":1,"name":"Startseite","item":"http:\/\/ouddorp-aan-zee.com\/en\/"},{"@type":"ListItem","position":2,"name":"Noordzeepark"}]},{"@type":"WebSite","@id":"http:\/\/ouddorp-aan-zee.com\/en\/#website","url":"http:\/\/ouddorp-aan-zee.com\/en\/","name":"ouddorp-aan-zee.com","description":"Noordzeepark - Zuiderdiep 34","potentialAction":[{"@type":"SearchAction","target":{"@type":"EntryPoint","urlTemplate":"http:\/\/ouddorp-aan-zee.com\/en\/?s={search_term_string}"},"query-input":"required name=search_term_string"}],"inLanguage":"de-DE"}]}},"_links":{"self":[{"href":"http:\/\/ouddorp-aan-zee.com\/de\/wp-json\/wp\/v2\/pages\/19"}],"collection":[{"href":"http:\/\/ouddorp-aan-zee.com\/de\/wp-json\/wp\/v2\/pages"}],"about":[{"href":"http:\/\/ouddorp-aan-zee.com\/de\/wp-json\/wp\/v2\/types\/page"}],"author":[{"embeddable":true,"href":"http:\/\/ouddorp-aan-zee.com\/de\/wp-json\/wp\/v2\/users\/1"}],"replies":[{"embeddable":true,"href":"http:\/\/ouddorp-aan-zee.com\/de\/wp-json\/wp\/v2\/comments?post=19"}],"version-history":[{"count":10,"href":"http:\/\/ouddorp-aan-zee.com\/de\/wp-json\/wp\/v2\/pages\/19\/revisions"}],"predecessor-version":[{"id":1918,"href":"http:\/\/ouddorp-aan-zee.com\/de\/wp-json\/wp\/v2\/pages\/19\/revisions\/1918"}],"wp:attachment":[{"href":"http:\/\/ouddorp-aan-zee.com\/de\/wp-json\/wp\/v2\/media?parent=19"}],"curies":[{"name":"wp","href":"https:\/\/api.w.org\/{rel}","templated":true}]}}